{"id":2407,"date":"2019-08-21T11:14:08","date_gmt":"2019-08-21T09:14:08","guid":{"rendered":"https:\/\/stressnostress.ch\/le-stress-en-entreprise\/workshop-nostress\/"},"modified":"2021-05-15T18:36:19","modified_gmt":"2021-05-15T16:36:19","slug":"workshop-nostress","status":"publish","type":"page","link":"https:\/\/old.stressnostress.ch\/fr\/le-stress-en-entreprise\/workshop-nostress\/","title":{"rendered":"Workshop nostress"},"content":{"rendered":"<p>[et_pb_section fb_built=\u00a0\u00bb1&Prime; _builder_version=\u00a0\u00bb3.24.1&Prime; custom_padding=\u00a0\u00bb55px||0px\u00a0\u00bb][et_pb_row _builder_version=\u00a0\u00bb3.25&Prime; custom_padding=\u00a0\u00bb0px|||||\u00a0\u00bb][et_pb_column type=\u00a0\u00bb4_4&Prime; _builder_version=\u00a0\u00bb3.25&Prime; custom_padding=\u00a0\u00bb|||\u00a0\u00bb custom_padding__hover=\u00a0\u00bb|||\u00a0\u00bb][et_pb_post_title meta=\u00a0\u00bboff\u00a0\u00bb featured_image=\u00a0\u00bboff\u00a0\u00bb _builder_version=\u00a0\u00bb3.24.1&Prime; title_font=\u00a0\u00bbOpen Sans|800|||||||\u00a0\u00bb title_font_size=\u00a0\u00bb48px\u00a0\u00bb][\/et_pb_post_title][\/et_pb_column][\/et_pb_row][\/et_pb_section][et_pb_section fb_built=\u00a0\u00bb1&Prime; _builder_version=\u00a0\u00bb3.24.1&Prime; custom_padding=\u00a0\u00bb0px||\u00a0\u00bb][et_pb_row column_structure=\u00a0\u00bb1_5,3_5,1_5&Prime; _builder_version=\u00a0\u00bb3.25&Prime;][et_pb_column type=\u00a0\u00bb1_5&Prime; _builder_version=\u00a0\u00bb3.25&Prime; custom_padding=\u00a0\u00bb|||\u00a0\u00bb custom_padding__hover=\u00a0\u00bb|||\u00a0\u00bb][\/et_pb_column][et_pb_column type=\u00a0\u00bb3_5&Prime; _builder_version=\u00a0\u00bb3.25&Prime; custom_padding=\u00a0\u00bb|||\u00a0\u00bb custom_padding__hover=\u00a0\u00bb|||\u00a0\u00bb][et_pb_text _builder_version=\u00a0\u00bb4.9.4&Prime; hover_enabled=\u00a0\u00bb0&Prime; sticky_enabled=\u00a0\u00bb0&Prime;]<\/p>\n<h2>Workshop nostress pour des \u00e9quipes ou des petites ou micro-entreprises de 5 \u00e0 12 personnes<\/h2>\n<p>Abordez le sujet avec vos collaborateurs et une mod\u00e9ratrice ou un mod\u00e9rateur. D\u00e9couvrez \u2026<\/p>\n<ul>\n<li>ce qui cause le stress;<\/li>\n<li>quelles ressources sont \u00e0 votre disposition dans votre entreprise pour lutter contre le stress;<\/li>\n<li>quelles mesures d\u2019am\u00e9lioration proposent vos collaborateurs.<\/li>\n<\/ul>\n<p>Commencez par le\u00a0<a href=\"http:\/\/www.stress-no-stress.ch\/checkv\/checkv.php?language=fr\" target=\"_blank\" rel=\"noopener\">Stress-Check sur la situation dans l\u2019entreprise<\/a>. Faites-vous une id\u00e9e du niveau de stress de vos collaborateurs. Quand le stress devient un probl\u00e8me, investissez une demi-journ\u00e9e pour un workshop nostress. Posez ainsi les bases d\u2019am\u00e9liorations durables des conditions de travail. Vous pouvez t\u00e9l\u00e9charger gratuitement les documents suivants pour organiser un workshop.<\/p>\n<ul>\n<li><strong><a href=\"\/wp-content\/uploads\/2021\/05\/Nostress-Workshop-Leitfaden_FR.pdf\" target=\"_blank\" rel=\"noopener\">Informations aux cadres pour la pr\u00e9paration et le suivi d\u2019un workshop nostress <\/a><\/strong>vitez les \u00e9cueils habituels tels qu\u2019un manque d\u2019acceptation ou l\u2019enlisement de projets gr\u00e2ce \u00e0 une pr\u00e9paration soigneuse \u00e0 laquelle vous vous tenez.<\/li>\n<li><strong><a href=\"\/wp-content\/uploads\/2021\/05\/Nostress_Workshop_Drehbuch_FR.pdf\" target=\"_blank\" rel=\"noopener\">Sc\u00e9nario des workshop nostress<\/a>\u00a0<\/strong>: Vous y trouverez un description pas \u00e0 pas du d\u00e9roulement<\/li>\n<li><strong><a href=\"\/wp-content\/uploads\/2021\/05\/Nostress-Workshop-Hilfsmittel_FR.pdf\" target=\"_blank\" rel=\"noopener\">Outils workshop nostress<\/a><\/strong>: Vous trouverez ici les informations et documents n\u00e9cessaires au workshop nostress<\/li>\n<\/ul>\n<p>Pour r\u00e9ussir l\u2019organisation de l\u2019atelier, il est indispensable que la personne qui dirige le workshop apporte des connaissances sp\u00e9cialis\u00e9es en psychologie et\/ou une exp\u00e9rience en mod\u00e9ration. Souhaitez-vous que la mod\u00e9ration soit assur\u00e9e par une personne externe\u00a0? Si oui\u00a0: <strong>Conseillers Stressnostress.ch:\u00a0<\/strong>Vous trouverez ici une liste de conseill\u00e8res et conseillers stressnostress.ch disponibles pour une mod\u00e9ration\u00a0et ici les tarifs en vigueur<\/p>\n<p>[\/et_pb_text][\/et_pb_column][et_pb_column type=\u00a0\u00bb1_5&Prime; _builder_version=\u00a0\u00bb3.25&Prime; custom_padding=\u00a0\u00bb|||\u00a0\u00bb custom_padding__hover=\u00a0\u00bb|||\u00a0\u00bb][\/et_pb_column][\/et_pb_row][\/et_pb_section][et_pb_section fb_built=\u00a0\u00bb1&Prime; _builder_version=\u00a0\u00bb3.25.1&Prime; custom_padding=\u00a0\u00bb0px||\u00a0\u00bb][et_pb_row column_structure=\u00a0\u00bb1_4,1_4,1_4,1_4&Prime; module_class=\u00a0\u00bbteaser-row&#8211;equal-height\u00a0\u00bb _builder_version=\u00a0\u00bb3.25.1&Prime;][et_pb_column type=\u00a0\u00bb1_4&Prime; _builder_version=\u00a0\u00bb3.25.1&Prime;][et_pb_cta title=\u00a0\u00bbGuide du workshop nostress\u00a0\u00bb button_url=\u00a0\u00bb\/wp-content\/uploads\/2021\/05\/Nostress-Workshop-Leitfaden_FR.pdf\u00a0\u00bb url_new_window=\u00a0\u00bbon\u00a0\u00bb button_text=\u00a0\u00bbT\u00e9l\u00e9charger le PDF\u00a0\u00bb module_class=\u00a0\u00bbteaser&#8211;orange\u00a0\u00bb _builder_version=\u00a0\u00bb4.9.4&Prime; header_level=\u00a0\u00bbh3&Prime; header_font=\u00a0\u00bbOpen Sans|800|||||||\u00a0\u00bb header_font_size=\u00a0\u00bb24px\u00a0\u00bb header_line_height=\u00a0\u00bb1.25em\u00a0\u00bb body_font=\u00a0\u00bbOpen Sans|600|||||||\u00a0\u00bb body_text_align=\u00a0\u00bbleft\u00a0\u00bb body_font_size=\u00a0\u00bb15px\u00a0\u00bb body_line_height=\u00a0\u00bb1.33em\u00a0\u00bb background_color=\u00a0\u00bb#F47E39&Prime; text_orientation=\u00a0\u00bbleft\u00a0\u00bb custom_margin=\u00a0\u00bb0px||\u00a0\u00bb custom_padding=\u00a0\u00bb30px|24px|30px|24px\u00a0\u00bb link_option_url_new_window=\u00a0\u00bbon\u00a0\u00bb]Informations pour les cadres \u00e0 propos des pr\u00e9paratifs et du suivi d&rsquo;un workshop NoStress[\/et_pb_cta][\/et_pb_column][et_pb_column type=\u00a0\u00bb1_4&Prime; _builder_version=\u00a0\u00bb3.25.1&Prime;][et_pb_cta title=\u00a0\u00bbScript du workshop nostress\u00a0\u00bb button_url=\u00a0\u00bb\/wp-content\/uploads\/2021\/05\/Nostress_Workshop_Drehbuch_FR.pdf\u00a0\u00bb url_new_window=\u00a0\u00bbon\u00a0\u00bb button_text=\u00a0\u00bbT\u00e9l\u00e9charger le PDF\u00a0\u00bb disabled_on=\u00a0\u00bboff|off|off\u00a0\u00bb module_class=\u00a0\u00bbteaser&#8211;blue\u00a0\u00bb _builder_version=\u00a0\u00bb4.9.4&Prime; header_level=\u00a0\u00bbh3&Prime; header_font=\u00a0\u00bbOpen Sans|800|||||||\u00a0\u00bb header_font_size=\u00a0\u00bb24px\u00a0\u00bb header_line_height=\u00a0\u00bb1.25em\u00a0\u00bb body_font=\u00a0\u00bbOpen Sans|600|||||||\u00a0\u00bb body_text_align=\u00a0\u00bbleft\u00a0\u00bb body_font_size=\u00a0\u00bb15px\u00a0\u00bb body_line_height=\u00a0\u00bb1.33em\u00a0\u00bb background_color=\u00a0\u00bb#005BB7&Prime; text_orientation=\u00a0\u00bbleft\u00a0\u00bb custom_margin=\u00a0\u00bb0px||\u00a0\u00bb custom_padding=\u00a0\u00bb30px|24px|30px|24px\u00a0\u00bb link_option_url_new_window=\u00a0\u00bbon\u00a0\u00bb]Une description \u00e9tape par \u00e9tape du workshop nostress[\/et_pb_cta][\/et_pb_column][et_pb_column type=\u00a0\u00bb1_4&Prime; _builder_version=\u00a0\u00bb3.25.1&Prime;][et_pb_cta title=\u00a0\u00bbOutils pour le workshop nostress\u00a0\u00bb button_url=\u00a0\u00bb\/wp-content\/uploads\/2021\/05\/Nostress-Workshop-Hilfsmittel_FR.pdf\u00a0\u00bb url_new_window=\u00a0\u00bbon\u00a0\u00bb button_text=\u00a0\u00bbT\u00e9l\u00e9charger le PDF\u00a0\u00bb disabled_on=\u00a0\u00bboff|off|off\u00a0\u00bb module_class=\u00a0\u00bbteaser&#8211;gray teaser&#8211;equal-height\u00a0\u00bb _builder_version=\u00a0\u00bb4.9.4&Prime; header_level=\u00a0\u00bbh3&Prime; header_font=\u00a0\u00bbOpen Sans|800|||||||\u00a0\u00bb header_text_color=\u00a0\u00bb#001C38&Prime; header_font_size=\u00a0\u00bb24px\u00a0\u00bb header_line_height=\u00a0\u00bb1.25em\u00a0\u00bb body_font=\u00a0\u00bbOpen Sans|600|||||||\u00a0\u00bb body_text_align=\u00a0\u00bbleft\u00a0\u00bb body_text_color=\u00a0\u00bb#001C38&Prime; body_font_size=\u00a0\u00bb15px\u00a0\u00bb body_line_height=\u00a0\u00bb1.33em\u00a0\u00bb background_color=\u00a0\u00bbrgba(0,41,82,0.03)\u00a0\u00bb text_orientation=\u00a0\u00bbleft\u00a0\u00bb custom_margin=\u00a0\u00bb0px||\u00a0\u00bb custom_padding=\u00a0\u00bb30px|24px|30px|24px\u00a0\u00bb link_option_url_new_window=\u00a0\u00bbon\u00a0\u00bb]Informations et pr\u00e9sentations pour le workshop nostress.[\/et_pb_cta][\/et_pb_column][et_pb_column type=\u00a0\u00bb1_4&Prime; _builder_version=\u00a0\u00bb3.25.1&Prime;][et_pb_cta title=\u00a0\u00bbTrouver des conseillers\u00a0\u00bb button_url=\u00a0\u00bbhttps:\/\/stressnostress.ch\/fr\/trouver-des-conseillers\/\u00a0\u00bb button_text=\u00a0\u00bbAcc\u00e9der \u00e0 la liste\u00a0\u00bb disabled_on=\u00a0\u00bboff|off|off\u00a0\u00bb module_class=\u00a0\u00bbteaser&#8211;transparent\u00a0\u00bb _builder_version=\u00a0\u00bb3.25.1&Prime; header_level=\u00a0\u00bbh3&Prime; header_font=\u00a0\u00bbOpen Sans|800|||||||\u00a0\u00bb header_text_color=\u00a0\u00bb#005BB7&Prime; header_font_size=\u00a0\u00bb24px\u00a0\u00bb header_line_height=\u00a0\u00bb1.25em\u00a0\u00bb body_font=\u00a0\u00bbOpen Sans|600|||||||\u00a0\u00bb body_text_align=\u00a0\u00bbleft\u00a0\u00bb body_text_color=\u00a0\u00bb#005BB7&Prime; body_font_size=\u00a0\u00bb15px\u00a0\u00bb body_line_height=\u00a0\u00bb1.33em\u00a0\u00bb background_color=\u00a0\u00bbrgba(0,0,0,0)\u00a0\u00bb text_orientation=\u00a0\u00bbleft\u00a0\u00bb custom_margin=\u00a0\u00bb0px||\u00a0\u00bb custom_padding=\u00a0\u00bb30px|24px|30px|24px\u00a0\u00bb link_option_url_new_window=\u00a0\u00bbon\u00a0\u00bb border_width_all=\u00a0\u00bb1px\u00a0\u00bb border_color_all=\u00a0\u00bb#005BB7&Prime;]Vous trouverez ici une liste des conseill\u00e8res et conseillers stressnostress.ch qui peuvent \u00eatre sollicit\u00e9s pour un accompagnement.[\/et_pb_cta][\/et_pb_column][\/et_pb_row][\/et_pb_section]<\/p>\n","protected":false},"excerpt":{"rendered":"<p>Workshop nostress pour des \u00e9quipes ou des petites ou micro-entreprises de 5 \u00e0 12 personnes Abordez le sujet avec vos collaborateurs et une mod\u00e9ratrice ou un mod\u00e9rateur. D\u00e9couvrez \u2026 ce qui cause le stress; quelles ressources sont \u00e0 votre disposition dans votre entreprise pour lutter contre le stress; quelles mesures d\u2019am\u00e9lioration proposent vos collaborateurs. Commencez [&hellip;]<\/p>\n","protected":false},"author":16,"featured_media":0,"parent":2401,"menu_order":9,"comment_status":"closed","ping_status":"closed","template":"","meta":{"_et_pb_use_builder":"on","_et_pb_old_content":"","_et_gb_content_width":"","footnotes":""},"_links":{"self":[{"href":"https:\/\/old.stressnostress.ch\/fr\/wp-json\/wp\/v2\/pages\/2407"}],"collection":[{"href":"https:\/\/old.stressnostress.ch\/fr\/wp-json\/wp\/v2\/pages"}],"about":[{"href":"https:\/\/old.stressnostress.ch\/fr\/wp-json\/wp\/v2\/types\/page"}],"author":[{"embeddable":true,"href":"https:\/\/old.stressnostress.ch\/fr\/wp-json\/wp\/v2\/users\/16"}],"replies":[{"embeddable":true,"href":"https:\/\/old.stressnostress.ch\/fr\/wp-json\/wp\/v2\/comments?post=2407"}],"version-history":[{"count":30,"href":"https:\/\/old.stressnostress.ch\/fr\/wp-json\/wp\/v2\/pages\/2407\/revisions"}],"predecessor-version":[{"id":5109,"href":"https:\/\/old.stressnostress.ch\/fr\/wp-json\/wp\/v2\/pages\/2407\/revisions\/5109"}],"up":[{"embeddable":true,"href":"https:\/\/old.stressnostress.ch\/fr\/wp-json\/wp\/v2\/pages\/2401"}],"wp:attachment":[{"href":"https:\/\/old.stressnostress.ch\/fr\/wp-json\/wp\/v2\/media?parent=2407"}],"curies":[{"name":"wp","href":"https:\/\/api.w.org\/{rel}","templated":true}]}}