{"id":2427,"date":"2019-08-21T12:33:58","date_gmt":"2019-08-21T10:33:58","guid":{"rendered":"https:\/\/stressnostress.ch\/le-stress-en-entreprise\/6-verifier-les-resultats\/"},"modified":"2021-05-14T19:07:22","modified_gmt":"2021-05-14T17:07:22","slug":"6-verifier-les-resultats","status":"publish","type":"page","link":"https:\/\/old.stressnostress.ch\/fr\/le-stress-en-entreprise\/6-verifier-les-resultats\/","title":{"rendered":"6. V\u00e9rifier les r\u00e9sultats"},"content":{"rendered":"<p>[et_pb_section fb_built=\u00a0\u00bb1&Prime; _builder_version=\u00a0\u00bb3.24&Prime; custom_padding=\u00a0\u00bb55px||0px|||\u00a0\u00bb][et_pb_row _builder_version=\u00a0\u00bb3.25&Prime; custom_padding=\u00a0\u00bb0px|||||\u00a0\u00bb][et_pb_column type=\u00a0\u00bb4_4&Prime; _builder_version=\u00a0\u00bb3.25&Prime; custom_padding=\u00a0\u00bb|||\u00a0\u00bb custom_padding__hover=\u00a0\u00bb|||\u00a0\u00bb][et_pb_post_title meta=\u00a0\u00bboff\u00a0\u00bb featured_image=\u00a0\u00bboff\u00a0\u00bb _builder_version=\u00a0\u00bb3.24.1&Prime; title_font=\u00a0\u00bbOpen Sans|800|||||||\u00a0\u00bb title_text_color=\u00a0\u00bb#001C38&Prime; title_font_size=\u00a0\u00bb48px\u00a0\u00bb][\/et_pb_post_title][\/et_pb_column][\/et_pb_row][\/et_pb_section][et_pb_section fb_built=\u00a0\u00bb1&Prime; _builder_version=\u00a0\u00bb3.24&Prime; custom_padding=\u00a0\u00bb0px|||||\u00a0\u00bb][et_pb_row column_structure=\u00a0\u00bb1_4,1_2,1_4&Prime; _builder_version=\u00a0\u00bb3.25&Prime; custom_padding=\u00a0\u00bb0px|||||\u00a0\u00bb][et_pb_column type=\u00a0\u00bb1_4&Prime; _builder_version=\u00a0\u00bb3.25&Prime; custom_padding=\u00a0\u00bb|||\u00a0\u00bb custom_padding__hover=\u00a0\u00bb|||\u00a0\u00bb][et_pb_sidebar area=\u00a0\u00bbet_pb_widget_area_6&Prime; module_id=\u00a0\u00bbnav-prozess-unternehmen\u00a0\u00bb _builder_version=\u00a0\u00bb3.25.1&Prime;][\/et_pb_sidebar][\/et_pb_column][et_pb_column type=\u00a0\u00bb1_2&Prime; _builder_version=\u00a0\u00bb3.25&Prime; custom_padding=\u00a0\u00bb|||\u00a0\u00bb custom_padding__hover=\u00a0\u00bb|||\u00a0\u00bb][et_pb_text _builder_version=\u00a0\u00bb3.27.4&Prime; custom_padding=\u00a0\u00bb0px|||||\u00a0\u00bb]<\/p>\n<ul>\n<li>Avez-vous atteint les objectifs fix\u00e9s? Si oui, votre programme antistress a r\u00e9ussi.<\/li>\n<li>D&rsquo;autres souhaits de changement vous sont peut-\u00eatre venus \u00e0 l&rsquo;esprit: vous pourrez vous y atteler avec beaucoup d&rsquo;\u00e9lan.<\/li>\n<li>Souvent, on s&rsquo;approche de la situation id\u00e9ale sans toutefois l&rsquo;atteindre enti\u00e8rement. Dans le pire des cas, rien ne fonctionne comme vous l&rsquo;auriez voulu.<\/li>\n<li>Si vous n&rsquo;\u00eates pas plus proche ou pas assez proche de la situation id\u00e9ale, r\u00e9fl\u00e9chissez aux raisons possibles. Demandez-vous \u00e9galement si cette situation est toujours celle que vous voulez atteindre: peut-\u00eatre arriverez-vous \u00e0 la conclusion que la barre \u00e9tait plac\u00e9e trop haut et qu&rsquo;il vaudrait mieux la baisser un peu.<\/li>\n<li>Si vos mesures n&rsquo;ont pas port\u00e9 leurs fruits, demandez-vous s&rsquo;il en existe de plus appropri\u00e9es. Si oui, lancez-vous simplement une nouvelle fois. Plusieurs tentatives sont parfois n\u00e9cessaires pour arriver \u00e0 un r\u00e9sultat satisfaisant. Ne vous laissez donc pas d\u00e9courager aussit\u00f4t!<\/li>\n<li>N&rsquo;h\u00e9sitez pas \u00e0 poser la question \u00e0 des amis de confiance ou \u00e0 faire appel \u00e0 des\u00a0sp\u00e9cialistes.<\/li>\n<li>En r\u00e8gle g\u00e9n\u00e9rale, l&rsquo;\u00e9valuation des r\u00e9sultats ne se fait pas seulement \u00e0 la fin, mais l&rsquo;efficacit\u00e9 des mesures se ressent d\u00e9j\u00e0 au moment de leur mise en \u0153uvre. De plus, on re\u00e7oit peut-\u00eatre des feed-back positifs ou n\u00e9gatifs d&rsquo;autres personnes. Il est donc possible d&rsquo;adapter r\u00e9guli\u00e8rement les strat\u00e9gies et les mesures afin d&rsquo;atteindre (mieux et plus rapidement) la situation id\u00e9ale.<\/li>\n<\/ul>\n<p>[\/et_pb_text][\/et_pb_column][et_pb_column type=\u00a0\u00bb1_4&Prime; _builder_version=\u00a0\u00bb3.25&Prime; custom_padding=\u00a0\u00bb|||\u00a0\u00bb custom_padding__hover=\u00a0\u00bb|||\u00a0\u00bb][\/et_pb_column][\/et_pb_row][\/et_pb_section][et_pb_section fb_built=\u00a0\u00bb1&Prime; _builder_version=\u00a0\u00bb3.25.1&Prime; custom_padding=\u00a0\u00bb0px||\u00a0\u00bb][et_pb_row column_structure=\u00a0\u00bb1_4,1_4,1_4,1_4&Prime; module_class=\u00a0\u00bbteaser-row&#8211;equal-height\u00a0\u00bb _builder_version=\u00a0\u00bb3.25.1&Prime;][et_pb_column type=\u00a0\u00bb1_4&Prime; _builder_version=\u00a0\u00bb3.25.1&Prime;][et_pb_cta title=\u00a0\u00bbStress-check pour moi (en ligne)\u00a0\u00bb button_url=\u00a0\u00bbhttp:\/\/www.stress-no-stress.ch\/checkv\/checkv.php?language=fr\u00a0\u00bb url_new_window=\u00a0\u00bbon\u00a0\u00bb button_text=\u00a0\u00bbAcc\u00e9der au site du stress-check\u00a0\u00bb disabled_on=\u00a0\u00bbon|on|on\u00a0\u00bb module_class=\u00a0\u00bbteaser&#8211;orange\u00a0\u00bb _builder_version=\u00a0\u00bb3.25.1&Prime; header_level=\u00a0\u00bbh3&Prime; header_font=\u00a0\u00bbOpen Sans|800|||||||\u00a0\u00bb header_font_size=\u00a0\u00bb24px\u00a0\u00bb header_line_height=\u00a0\u00bb1.25em\u00a0\u00bb body_font=\u00a0\u00bbOpen Sans|600|||||||\u00a0\u00bb body_text_align=\u00a0\u00bbleft\u00a0\u00bb body_font_size=\u00a0\u00bb15px\u00a0\u00bb body_line_height=\u00a0\u00bb1.33em\u00a0\u00bb background_color=\u00a0\u00bb#F47E39&Prime; text_orientation=\u00a0\u00bbleft\u00a0\u00bb custom_margin=\u00a0\u00bb0px||\u00a0\u00bb custom_padding=\u00a0\u00bb30px|24px|30px|24px\u00a0\u00bb link_option_url_new_window=\u00a0\u00bbon\u00a0\u00bb disabled=\u00a0\u00bbon\u00a0\u00bb]Compl\u00e9tez le stress-check personnel et vous en apprendrez plus sur les causes de votre stress.[\/et_pb_cta][\/et_pb_column][et_pb_column type=\u00a0\u00bb1_4&Prime; _builder_version=\u00a0\u00bb3.25.1&Prime;][et_pb_cta title=\u00a0\u00bbStress-check personnel (version papier)\u00a0\u00bb button_url=\u00a0\u00bb\/wp-content\/uploads\/2019\/07\/14_05_26_Stress-Check_Unternehmen_FR.pdf\u00a0\u00bb url_new_window=\u00a0\u00bbon\u00a0\u00bb button_text=\u00a0\u00bbT\u00e9l\u00e9charger le PDF\u00a0\u00bb disabled_on=\u00a0\u00bbon|on|on\u00a0\u00bb module_class=\u00a0\u00bbteaser&#8211;blue\u00a0\u00bb _builder_version=\u00a0\u00bb3.25.1&Prime; header_level=\u00a0\u00bbh3&Prime; header_font=\u00a0\u00bbOpen Sans|800|||||||\u00a0\u00bb header_font_size=\u00a0\u00bb24px\u00a0\u00bb header_line_height=\u00a0\u00bb1.25em\u00a0\u00bb body_font=\u00a0\u00bbOpen Sans|600|||||||\u00a0\u00bb body_text_align=\u00a0\u00bbleft\u00a0\u00bb body_font_size=\u00a0\u00bb15px\u00a0\u00bb body_line_height=\u00a0\u00bb1.33em\u00a0\u00bb background_color=\u00a0\u00bb#005BB7&Prime; text_orientation=\u00a0\u00bbleft\u00a0\u00bb custom_margin=\u00a0\u00bb0px||\u00a0\u00bb custom_padding=\u00a0\u00bb30px|24px|30px|24px\u00a0\u00bb link_option_url_new_window=\u00a0\u00bbon\u00a0\u00bb disabled=\u00a0\u00bbon\u00a0\u00bb]Compl\u00e9tez le stress-check personnel et vous en apprendrez plus sur les causes de votre stress.[\/et_pb_cta][\/et_pb_column][et_pb_column type=\u00a0\u00bb1_4&Prime; _builder_version=\u00a0\u00bb3.25.1&Prime;][et_pb_cta title=\u00a0\u00bbLe stress-check pour moi\u00a0\u00bb button_url=\u00a0\u00bbhttps:\/\/stressnostress.ch\/fr\/le-stress-moi\/\u00a0\u00bb button_text=\u00a0\u00bbD\u00e9tails\u00a0\u00bb disabled_on=\u00a0\u00bbon|on|on\u00a0\u00bb module_class=\u00a0\u00bbteaser&#8211;gray\u00a0\u00bb _builder_version=\u00a0\u00bb3.25.1&Prime; header_level=\u00a0\u00bbh3&Prime; header_font=\u00a0\u00bbOpen Sans|800|||||||\u00a0\u00bb header_text_color=\u00a0\u00bb#001C38&Prime; header_font_size=\u00a0\u00bb24px\u00a0\u00bb header_line_height=\u00a0\u00bb1.25em\u00a0\u00bb body_font=\u00a0\u00bbOpen Sans|600|||||||\u00a0\u00bb body_text_align=\u00a0\u00bbleft\u00a0\u00bb body_text_color=\u00a0\u00bb#001C38&Prime; body_font_size=\u00a0\u00bb15px\u00a0\u00bb body_line_height=\u00a0\u00bb1.33em\u00a0\u00bb background_color=\u00a0\u00bbrgba(0,41,82,0.03)\u00a0\u00bb text_orientation=\u00a0\u00bbleft\u00a0\u00bb custom_margin=\u00a0\u00bb0px||\u00a0\u00bb custom_padding=\u00a0\u00bb30px|24px|30px|24px\u00a0\u00bb link_option_url_new_window=\u00a0\u00bbon\u00a0\u00bb disabled=\u00a0\u00bbon\u00a0\u00bb]Vous pouvez encourager vos collaborateurs \u00e0 utiliser cet outil pour en apprendre davantage sur leur rapport au stress.[\/et_pb_cta][\/et_pb_column][et_pb_column type=\u00a0\u00bb1_4&Prime; _builder_version=\u00a0\u00bb3.25.1&Prime;][et_pb_cta title=\u00a0\u00bbTrouver des conseillers\u00a0\u00bb button_url=\u00a0\u00bbhttps:\/\/stressnostress.ch\/fr\/trouver-des-conseillers\/\u00a0\u00bb button_text=\u00a0\u00bbAcc\u00e9der \u00e0 la liste\u00a0\u00bb disabled_on=\u00a0\u00bboff|off|off\u00a0\u00bb module_class=\u00a0\u00bbteaser&#8211;transparent teaser&#8211;equal-height\u00a0\u00bb _builder_version=\u00a0\u00bb4.0.6&Prime; header_level=\u00a0\u00bbh3&Prime; header_font=\u00a0\u00bbOpen Sans|800|||||||\u00a0\u00bb header_text_color=\u00a0\u00bb#005BB7&Prime; header_font_size=\u00a0\u00bb24px\u00a0\u00bb header_line_height=\u00a0\u00bb1.25em\u00a0\u00bb body_font=\u00a0\u00bbOpen Sans|600|||||||\u00a0\u00bb body_text_align=\u00a0\u00bbleft\u00a0\u00bb body_text_color=\u00a0\u00bb#005BB7&Prime; body_font_size=\u00a0\u00bb15px\u00a0\u00bb body_line_height=\u00a0\u00bb1.33em\u00a0\u00bb background_color=\u00a0\u00bbrgba(0,0,0,0)\u00a0\u00bb text_orientation=\u00a0\u00bbleft\u00a0\u00bb custom_margin=\u00a0\u00bb0px||\u00a0\u00bb custom_padding=\u00a0\u00bb30px|24px|30px|24px\u00a0\u00bb link_option_url_new_window=\u00a0\u00bbon\u00a0\u00bb hover_enabled=\u00a0\u00bb0&Prime; border_width_all=\u00a0\u00bb1px\u00a0\u00bb border_color_all=\u00a0\u00bb#005BB7&Prime; custom_button=\u00a0\u00bbon\u00a0\u00bb button_text_color=\u00a0\u00bb#005bb7&Prime; button_border_color=\u00a0\u00bb#005bb7&Prime;]Trouvez des conseillers dans votre r\u00e9gion.[\/et_pb_cta][\/et_pb_column][\/et_pb_row][\/et_pb_section]<\/p>\n","protected":false},"excerpt":{"rendered":"<p>Avez-vous atteint les objectifs fix\u00e9s? Si oui, votre programme antistress a r\u00e9ussi. D&rsquo;autres souhaits de changement vous sont peut-\u00eatre venus \u00e0 l&rsquo;esprit: vous pourrez vous y atteler avec beaucoup d&rsquo;\u00e9lan. Souvent, on s&rsquo;approche de la situation id\u00e9ale sans toutefois l&rsquo;atteindre enti\u00e8rement. Dans le pire des cas, rien ne fonctionne comme vous l&rsquo;auriez voulu. Si vous [&hellip;]<\/p>\n","protected":false},"author":16,"featured_media":0,"parent":2401,"menu_order":7,"comment_status":"closed","ping_status":"closed","template":"","meta":{"_et_pb_use_builder":"on","_et_pb_old_content":"","_et_gb_content_width":"","footnotes":""},"_links":{"self":[{"href":"https:\/\/old.stressnostress.ch\/fr\/wp-json\/wp\/v2\/pages\/2427"}],"collection":[{"href":"https:\/\/old.stressnostress.ch\/fr\/wp-json\/wp\/v2\/pages"}],"about":[{"href":"https:\/\/old.stressnostress.ch\/fr\/wp-json\/wp\/v2\/types\/page"}],"author":[{"embeddable":true,"href":"https:\/\/old.stressnostress.ch\/fr\/wp-json\/wp\/v2\/users\/16"}],"replies":[{"embeddable":true,"href":"https:\/\/old.stressnostress.ch\/fr\/wp-json\/wp\/v2\/comments?post=2427"}],"version-history":[{"count":28,"href":"https:\/\/old.stressnostress.ch\/fr\/wp-json\/wp\/v2\/pages\/2427\/revisions"}],"predecessor-version":[{"id":4456,"href":"https:\/\/old.stressnostress.ch\/fr\/wp-json\/wp\/v2\/pages\/2427\/revisions\/4456"}],"up":[{"embeddable":true,"href":"https:\/\/old.stressnostress.ch\/fr\/wp-json\/wp\/v2\/pages\/2401"}],"wp:attachment":[{"href":"https:\/\/old.stressnostress.ch\/fr\/wp-json\/wp\/v2\/media?parent=2427"}],"curies":[{"name":"wp","href":"https:\/\/api.w.org\/{rel}","templated":true}]}}