{"id":2437,"date":"2019-08-21T12:36:11","date_gmt":"2019-08-21T10:36:11","guid":{"rendered":"https:\/\/stressnostress.ch\/le-stress-moi\/1-stress-check-personnel\/"},"modified":"2021-05-15T10:48:08","modified_gmt":"2021-05-15T08:48:08","slug":"1-stress-check-personnel","status":"publish","type":"page","link":"https:\/\/old.stressnostress.ch\/fr\/le-stress-moi\/1-stress-check-personnel\/","title":{"rendered":"1. Stress-Check personnel"},"content":{"rendered":"<p>[et_pb_section fb_built=\u00a0\u00bb1&Prime; _builder_version=\u00a0\u00bb3.24.1&Prime;][et_pb_row _builder_version=\u00a0\u00bb3.25&Prime;][et_pb_column type=\u00a0\u00bb4_4&Prime; _builder_version=\u00a0\u00bb3.25&Prime; custom_padding=\u00a0\u00bb|||\u00a0\u00bb custom_padding__hover=\u00a0\u00bb|||\u00a0\u00bb]<\/p>\n<p>[et_pb_post_title meta=\u00a0\u00bboff\u00a0\u00bb _builder_version=\u00a0\u00bb3.24.1&Prime; title_font=\u00a0\u00bb||||||||\u00a0\u00bb title_font_size=\u00a0\u00bb48px\u00a0\u00bb][\/et_pb_post_title]<\/p>\n<p>[\/et_pb_column][\/et_pb_row][et_pb_row column_structure=\u00a0\u00bb1_5,3_5,1_5&Prime; _builder_version=\u00a0\u00bb3.25&Prime; custom_padding=\u00a0\u00bb0px|||||\u00a0\u00bb][et_pb_column type=\u00a0\u00bb1_5&Prime; _builder_version=\u00a0\u00bb3.25&Prime; custom_padding=\u00a0\u00bb|||\u00a0\u00bb custom_padding__hover=\u00a0\u00bb|||\u00a0\u00bb][et_pb_sidebar area=\u00a0\u00bbet_pb_widget_area_4&Prime; show_border=\u00a0\u00bboff\u00a0\u00bb module_id=\u00a0\u00bbnav-prozess-unternehmen\u00a0\u00bb _builder_version=\u00a0\u00bb3.25.1&Prime;][\/et_pb_sidebar][\/et_pb_column][et_pb_column type=\u00a0\u00bb3_5&Prime; _builder_version=\u00a0\u00bb3.25&Prime; custom_padding=\u00a0\u00bb|||\u00a0\u00bb custom_padding__hover=\u00a0\u00bb|||\u00a0\u00bb][et_pb_text admin_label=\u00a0\u00bbText\u00a0\u00bb _builder_version=\u00a0\u00bb3.27.4&Prime;]Le\u00a0Stress-Check personnel vous permet d&rsquo;\u00e9tablir un bilan individuel. Il vous donne une id\u00e9e de l&rsquo;intensit\u00e9 de votre stress en comparaison avec d&rsquo;autres personnes ainsi que des indications plus pr\u00e9cises sur son origine. Les r\u00e9sultats pourront vous servir de base pour mettre en place les \u00e9ventuelles mesures n\u00e9cessaires \u00e0 l&rsquo;\u00e9limination du stress.[\/et_pb_text][\/et_pb_column][et_pb_column type=\u00a0\u00bb1_5&Prime; _builder_version=\u00a0\u00bb3.25&Prime; custom_padding=\u00a0\u00bb|||\u00a0\u00bb custom_padding__hover=\u00a0\u00bb|||\u00a0\u00bb][\/et_pb_column][\/et_pb_row][\/et_pb_section][et_pb_section fb_built=\u00a0\u00bb1&Prime; _builder_version=\u00a0\u00bb3.25.1&Prime; custom_padding=\u00a0\u00bb0px||\u00a0\u00bb][et_pb_row column_structure=\u00a0\u00bb1_4,1_4,1_4,1_4&Prime; module_class=\u00a0\u00bbteaser-row&#8211;equal-height\u00a0\u00bb _builder_version=\u00a0\u00bb3.25.1&Prime;][et_pb_column type=\u00a0\u00bb1_4&Prime; _builder_version=\u00a0\u00bb3.25.1&Prime;][et_pb_cta title=\u00a0\u00bbStress-Check personnel (en ligne)\u00a0\u00bb button_url=\u00a0\u00bbhttp:\/\/www.stress-no-stress.ch\/checkp\/checkp.php?language=fr\u00a0\u00bb url_new_window=\u00a0\u00bbon\u00a0\u00bb button_text=\u00a0\u00bbAcc\u00e9der \u00e0 la page du Stress-Check\u00a0\u00bb module_class=\u00a0\u00bbteaser&#8211;orange teaser&#8211;equal-height\u00a0\u00bb _builder_version=\u00a0\u00bb3.25.1&Prime; header_level=\u00a0\u00bbh3&Prime; header_font=\u00a0\u00bbOpen Sans|800|||||||\u00a0\u00bb header_font_size=\u00a0\u00bb24px\u00a0\u00bb header_line_height=\u00a0\u00bb1.25em\u00a0\u00bb body_font=\u00a0\u00bbOpen Sans|600|||||||\u00a0\u00bb body_text_align=\u00a0\u00bbleft\u00a0\u00bb body_font_size=\u00a0\u00bb15px\u00a0\u00bb body_line_height=\u00a0\u00bb1.33em\u00a0\u00bb background_color=\u00a0\u00bb#F47E39&Prime; text_orientation=\u00a0\u00bbleft\u00a0\u00bb custom_margin=\u00a0\u00bb0px||\u00a0\u00bb custom_padding=\u00a0\u00bb30px|24px|30px|24px\u00a0\u00bb link_option_url_new_window=\u00a0\u00bbon\u00a0\u00bb]Compl\u00e9tez le Stress-Check personnel pour en savoir davantage sur les causes de votre stress.[\/et_pb_cta][\/et_pb_column][et_pb_column type=\u00a0\u00bb1_4&Prime; _builder_version=\u00a0\u00bb3.25.1&Prime;][et_pb_cta title=\u00a0\u00bbStress-Check personnel (version papier)\u00a0\u00bb button_url=\u00a0\u00bb\/wp-content\/uploads\/2021\/05\/Stress-Check_fuer_mich_FR.pdf\u00a0\u00bb url_new_window=\u00a0\u00bbon\u00a0\u00bb button_text=\u00a0\u00bbT\u00e9l\u00e9charger le PDF\u00a0\u00bb disabled_on=\u00a0\u00bboff|off|off\u00a0\u00bb module_class=\u00a0\u00bbteaser&#8211;blue teaser&#8211;equal-height\u00a0\u00bb _builder_version=\u00a0\u00bb3.25.1&Prime; header_level=\u00a0\u00bbh3&Prime; header_font=\u00a0\u00bbOpen Sans|800|||||||\u00a0\u00bb header_font_size=\u00a0\u00bb24px\u00a0\u00bb header_line_height=\u00a0\u00bb1.25em\u00a0\u00bb body_font=\u00a0\u00bbOpen Sans|600|||||||\u00a0\u00bb body_text_align=\u00a0\u00bbleft\u00a0\u00bb body_font_size=\u00a0\u00bb15px\u00a0\u00bb body_line_height=\u00a0\u00bb1.33em\u00a0\u00bb background_color=\u00a0\u00bb#005BB7&Prime; text_orientation=\u00a0\u00bbleft\u00a0\u00bb custom_margin=\u00a0\u00bb0px||\u00a0\u00bb custom_padding=\u00a0\u00bb30px|24px|30px|24px\u00a0\u00bb link_option_url_new_window=\u00a0\u00bbon\u00a0\u00bb]Compl\u00e9tez le Stress-Check personnel pour en savoir davantage sur les causes de votre stress.[\/et_pb_cta][\/et_pb_column][et_pb_column type=\u00a0\u00bb1_4&Prime; _builder_version=\u00a0\u00bb3.25.1&Prime;][et_pb_cta title=\u00a0\u00bbStress-Check personnel\u00a0\u00bb button_url=\u00a0\u00bbhttps:\/\/stressnostress.ch\/fr\/le-stress-moi\/\u00a0\u00bb button_text=\u00a0\u00bbD\u00e9tails\u00a0\u00bb disabled_on=\u00a0\u00bbon|on|on\u00a0\u00bb module_class=\u00a0\u00bbteaser&#8211;gray teaser&#8211;equal-height\u00a0\u00bb _builder_version=\u00a0\u00bb3.25.1&Prime; header_level=\u00a0\u00bbh3&Prime; header_font=\u00a0\u00bbOpen Sans|800|||||||\u00a0\u00bb header_text_color=\u00a0\u00bb#001C38&Prime; header_font_size=\u00a0\u00bb24px\u00a0\u00bb header_line_height=\u00a0\u00bb1.25em\u00a0\u00bb body_font=\u00a0\u00bbOpen Sans|600|||||||\u00a0\u00bb body_text_align=\u00a0\u00bbleft\u00a0\u00bb body_text_color=\u00a0\u00bb#001C38&Prime; body_font_size=\u00a0\u00bb15px\u00a0\u00bb body_line_height=\u00a0\u00bb1.33em\u00a0\u00bb background_color=\u00a0\u00bbrgba(0,41,82,0.03)\u00a0\u00bb text_orientation=\u00a0\u00bbleft\u00a0\u00bb custom_margin=\u00a0\u00bb0px||\u00a0\u00bb custom_padding=\u00a0\u00bb30px|24px|30px|24px\u00a0\u00bb link_option_url_new_window=\u00a0\u00bbon\u00a0\u00bb disabled=\u00a0\u00bbon\u00a0\u00bb]Encouragez vos employ\u00e9s \u00e0 utiliser cet outil pour qu&rsquo;ils en sachent davantage sur leur rapport au stress.[\/et_pb_cta][\/et_pb_column][et_pb_column type=\u00a0\u00bb1_4&Prime; _builder_version=\u00a0\u00bb3.25.1&Prime;][et_pb_cta title=\u00a0\u00bbTrouver des conseillers\u00a0\u00bb button_url=\u00a0\u00bbhttps:\/\/stressnostress.ch\/fr\/trouver-des-conseillers\/\u00a0\u00bb button_text=\u00a0\u00bbAcc\u00e9der \u00e0 la liste\u00a0\u00bb disabled_on=\u00a0\u00bboff|off|off\u00a0\u00bb module_class=\u00a0\u00bbteaser&#8211;transparent teaser&#8211;equal-height\u00a0\u00bb _builder_version=\u00a0\u00bb4.0.6&Prime; header_level=\u00a0\u00bbh3&Prime; header_font=\u00a0\u00bbOpen Sans|800|||||||\u00a0\u00bb header_text_color=\u00a0\u00bb#005BB7&Prime; header_font_size=\u00a0\u00bb24px\u00a0\u00bb header_line_height=\u00a0\u00bb1.25em\u00a0\u00bb body_font=\u00a0\u00bbOpen Sans|600|||||||\u00a0\u00bb body_text_align=\u00a0\u00bbleft\u00a0\u00bb body_text_color=\u00a0\u00bb#005BB7&Prime; body_font_size=\u00a0\u00bb15px\u00a0\u00bb body_line_height=\u00a0\u00bb1.33em\u00a0\u00bb background_color=\u00a0\u00bbrgba(0,0,0,0)\u00a0\u00bb custom_button=\u00a0\u00bbon\u00a0\u00bb button_text_color=\u00a0\u00bb#005bb7&Prime; button_border_color=\u00a0\u00bb#005bb7&Prime; text_orientation=\u00a0\u00bbleft\u00a0\u00bb custom_margin=\u00a0\u00bb0px||\u00a0\u00bb custom_padding=\u00a0\u00bb30px|24px|30px|24px\u00a0\u00bb link_option_url_new_window=\u00a0\u00bbon\u00a0\u00bb border_width_all=\u00a0\u00bb1px\u00a0\u00bb border_color_all=\u00a0\u00bb#005BB7&Prime;]Trouvez des conseillers dans votre r\u00e9gion.[\/et_pb_cta][\/et_pb_column][\/et_pb_row][\/et_pb_section]<\/p>\n","protected":false},"excerpt":{"rendered":"<p>Le\u00a0Stress-Check personnel vous permet d&rsquo;\u00e9tablir un bilan individuel. Il vous donne une id\u00e9e de l&rsquo;intensit\u00e9 de votre stress en comparaison avec d&rsquo;autres personnes ainsi que des indications plus pr\u00e9cises sur son origine. Les r\u00e9sultats pourront vous servir de base pour mettre en place les \u00e9ventuelles mesures n\u00e9cessaires \u00e0 l&rsquo;\u00e9limination du stress.Compl\u00e9tez le Stress-Check personnel pour [&hellip;]<\/p>\n","protected":false},"author":16,"featured_media":0,"parent":2434,"menu_order":0,"comment_status":"closed","ping_status":"closed","template":"","meta":{"_et_pb_use_builder":"on","_et_pb_old_content":"","_et_gb_content_width":"","footnotes":""},"_links":{"self":[{"href":"https:\/\/old.stressnostress.ch\/fr\/wp-json\/wp\/v2\/pages\/2437"}],"collection":[{"href":"https:\/\/old.stressnostress.ch\/fr\/wp-json\/wp\/v2\/pages"}],"about":[{"href":"https:\/\/old.stressnostress.ch\/fr\/wp-json\/wp\/v2\/types\/page"}],"author":[{"embeddable":true,"href":"https:\/\/old.stressnostress.ch\/fr\/wp-json\/wp\/v2\/users\/16"}],"replies":[{"embeddable":true,"href":"https:\/\/old.stressnostress.ch\/fr\/wp-json\/wp\/v2\/comments?post=2437"}],"version-history":[{"count":9,"href":"https:\/\/old.stressnostress.ch\/fr\/wp-json\/wp\/v2\/pages\/2437\/revisions"}],"predecessor-version":[{"id":4905,"href":"https:\/\/old.stressnostress.ch\/fr\/wp-json\/wp\/v2\/pages\/2437\/revisions\/4905"}],"up":[{"embeddable":true,"href":"https:\/\/old.stressnostress.ch\/fr\/wp-json\/wp\/v2\/pages\/2434"}],"wp:attachment":[{"href":"https:\/\/old.stressnostress.ch\/fr\/wp-json\/wp\/v2\/media?parent=2437"}],"curies":[{"name":"wp","href":"https:\/\/api.w.org\/{rel}","templated":true}]}}