{"id":2443,"date":"2019-08-21T12:36:54","date_gmt":"2019-08-21T10:36:54","guid":{"rendered":"https:\/\/stressnostress.ch\/le-stress-moi\/3-decrire-la-situation-ideale\/"},"modified":"2021-05-15T10:55:56","modified_gmt":"2021-05-15T08:55:56","slug":"3-decrire-la-situation-ideale","status":"publish","type":"page","link":"https:\/\/old.stressnostress.ch\/fr\/le-stress-moi\/3-decrire-la-situation-ideale\/","title":{"rendered":"3. D\u00e9crire la situation id\u00e9ale"},"content":{"rendered":"<p>[et_pb_section fb_built=\u00a0\u00bb1&Prime; _builder_version=\u00a0\u00bb3.24.1&Prime;][et_pb_row _builder_version=\u00a0\u00bb3.25&Prime;][et_pb_column type=\u00a0\u00bb4_4&Prime; _builder_version=\u00a0\u00bb3.25&Prime; custom_padding=\u00a0\u00bb|||\u00a0\u00bb custom_padding__hover=\u00a0\u00bb|||\u00a0\u00bb][et_pb_post_title meta=\u00a0\u00bboff\u00a0\u00bb _builder_version=\u00a0\u00bb3.24.1&Prime; title_font=\u00a0\u00bb||||||||\u00a0\u00bb title_font_size=\u00a0\u00bb48px\u00a0\u00bb][\/et_pb_post_title][\/et_pb_column][\/et_pb_row][et_pb_row column_structure=\u00a0\u00bb1_5,3_5,1_5&Prime; _builder_version=\u00a0\u00bb3.25.1&Prime; custom_padding=\u00a0\u00bb0px|||||\u00a0\u00bb][et_pb_column type=\u00a0\u00bb1_5&Prime; _builder_version=\u00a0\u00bb3.25&Prime; custom_padding=\u00a0\u00bb|||\u00a0\u00bb custom_padding__hover=\u00a0\u00bb|||\u00a0\u00bb][et_pb_sidebar area=\u00a0\u00bbet_pb_widget_area_4&Prime; show_border=\u00a0\u00bboff\u00a0\u00bb module_id=\u00a0\u00bbnav-prozess-unternehmen\u00a0\u00bb _builder_version=\u00a0\u00bb3.25.1&Prime;][\/et_pb_sidebar][et_pb_sidebar area=\u00a0\u00bbet_pb_widget_area_3&Prime; show_border=\u00a0\u00bboff\u00a0\u00bb module_id=\u00a0\u00bbnav-prozess-unternehmen\u00a0\u00bb _builder_version=\u00a0\u00bb3.25.1&Prime;][\/et_pb_sidebar][\/et_pb_column][et_pb_column type=\u00a0\u00bb3_5&Prime; _builder_version=\u00a0\u00bb3.25&Prime; custom_padding=\u00a0\u00bb|||\u00a0\u00bb custom_padding__hover=\u00a0\u00bb|||\u00a0\u00bb][et_pb_text _builder_version=\u00a0\u00bb3.27.4&Prime;]Lorsque vous avez r\u00e9ussi \u00e0 situer le probl\u00e8me, r\u00e9fl\u00e9chissez \u00e0 une situation de travail qui serait id\u00e9ale.<\/p>\n<p>Il s&rsquo;agit de d\u00e9crire la situation id\u00e9ale et de d\u00e9velopper une id\u00e9e concr\u00e8te de la situation souhait\u00e9e.<\/p>\n<ul>\n<li>Quels sont les aspects qui doivent, selon vous, absolument \u00eatre en ordre?<\/li>\n<li>D\u00e9crivez comment les choses devraient \u00eatre et ne vous contentez pas de dire ce que vous ne voulez pas.<\/li>\n<li>Notez les crit\u00e8res qui indiqueront l&rsquo;atteinte de la situation id\u00e9ale.<\/li>\n<\/ul>\n<p>[\/et_pb_text][\/et_pb_column][et_pb_column type=\u00a0\u00bb1_5&Prime; _builder_version=\u00a0\u00bb3.25&Prime; custom_padding=\u00a0\u00bb|||\u00a0\u00bb custom_padding__hover=\u00a0\u00bb|||\u00a0\u00bb][\/et_pb_column][\/et_pb_row][\/et_pb_section][et_pb_section fb_built=\u00a0\u00bb1&Prime; _builder_version=\u00a0\u00bb3.25.1&Prime; custom_padding=\u00a0\u00bb0px||\u00a0\u00bb][et_pb_row column_structure=\u00a0\u00bb1_4,1_4,1_4,1_4&Prime; module_class=\u00a0\u00bbteaser-row&#8211;equal-height\u00a0\u00bb _builder_version=\u00a0\u00bb3.25.1&Prime;][et_pb_column type=\u00a0\u00bb1_4&Prime; _builder_version=\u00a0\u00bb3.25.1&Prime;][et_pb_cta title=\u00a0\u00bbFiche r\u00e9solution de probl\u00e8mes et de conflits\u00a0\u00bb button_url=\u00a0\u00bb\/wp-content\/uploads\/2021\/05\/Problemloeseblatt_FR.pdf\u00a0\u00bb url_new_window=\u00a0\u00bbon\u00a0\u00bb button_text=\u00a0\u00bbT\u00e9l\u00e9charger le PDF\u00a0\u00bb module_class=\u00a0\u00bbteaser&#8211;orange teaser&#8211;equal-height\u00a0\u00bb _builder_version=\u00a0\u00bb3.25.1&Prime; header_level=\u00a0\u00bbh3&Prime; header_font=\u00a0\u00bbOpen Sans|800|||||||\u00a0\u00bb header_font_size=\u00a0\u00bb24px\u00a0\u00bb header_line_height=\u00a0\u00bb1.25em\u00a0\u00bb body_font=\u00a0\u00bbOpen Sans|600|||||||\u00a0\u00bb body_text_align=\u00a0\u00bbleft\u00a0\u00bb body_font_size=\u00a0\u00bb15px\u00a0\u00bb body_line_height=\u00a0\u00bb1.33em\u00a0\u00bb background_color=\u00a0\u00bb#F47E39&Prime; text_orientation=\u00a0\u00bbleft\u00a0\u00bb custom_margin=\u00a0\u00bb0px||\u00a0\u00bb custom_padding=\u00a0\u00bb30px|24px|30px|24px\u00a0\u00bb link_option_url_new_window=\u00a0\u00bbon\u00a0\u00bb][\/et_pb_cta][\/et_pb_column][et_pb_column type=\u00a0\u00bb1_4&Prime; _builder_version=\u00a0\u00bb3.25.1&Prime;][et_pb_cta title=\u00a0\u00bbStress-Check personnel (version papier)\u00a0\u00bb button_url=\u00a0\u00bb\/wp-content\/uploads\/2019\/07\/14_05_26_Stress-Check_Unternehmen_FR.pdf\u00a0\u00bb url_new_window=\u00a0\u00bbon\u00a0\u00bb button_text=\u00a0\u00bbT\u00e9l\u00e9charger le PDF\u00a0\u00bb disabled_on=\u00a0\u00bbon|on|on\u00a0\u00bb module_class=\u00a0\u00bbteaser&#8211;blue teaser&#8211;equal-height\u00a0\u00bb _builder_version=\u00a0\u00bb3.25.1&Prime; header_level=\u00a0\u00bbh3&Prime; header_font=\u00a0\u00bbOpen Sans|800|||||||\u00a0\u00bb header_font_size=\u00a0\u00bb24px\u00a0\u00bb header_line_height=\u00a0\u00bb1.25em\u00a0\u00bb body_font=\u00a0\u00bbOpen Sans|600|||||||\u00a0\u00bb body_text_align=\u00a0\u00bbleft\u00a0\u00bb body_font_size=\u00a0\u00bb15px\u00a0\u00bb body_line_height=\u00a0\u00bb1.33em\u00a0\u00bb background_color=\u00a0\u00bb#005BB7&Prime; text_orientation=\u00a0\u00bbleft\u00a0\u00bb custom_margin=\u00a0\u00bb0px||\u00a0\u00bb custom_padding=\u00a0\u00bb30px|24px|30px|24px\u00a0\u00bb link_option_url_new_window=\u00a0\u00bbon\u00a0\u00bb disabled=\u00a0\u00bbon\u00a0\u00bb]Encouragez vos employ\u00e9s \u00e0 utiliser cet outil pour qu&rsquo;ils en sachent davantage sur leur rapport au stress.[\/et_pb_cta][\/et_pb_column][et_pb_column type=\u00a0\u00bb1_4&Prime; _builder_version=\u00a0\u00bb3.25.1&Prime;][et_pb_cta title=\u00a0\u00bbLe Stress-Check personnel\u00a0\u00bb button_url=\u00a0\u00bbhttps:\/\/stressnostress.ch\/fr\/le-stress-moi\/\u00a0\u00bb button_text=\u00a0\u00bbD\u00e9tails\u00a0\u00bb disabled_on=\u00a0\u00bbon|on|on\u00a0\u00bb module_class=\u00a0\u00bbteaser&#8211;gray teaser&#8211;equal-height\u00a0\u00bb _builder_version=\u00a0\u00bb3.25.1&Prime; header_level=\u00a0\u00bbh3&Prime; header_font=\u00a0\u00bbOpen Sans|800|||||||\u00a0\u00bb header_text_color=\u00a0\u00bb#001C38&Prime; header_font_size=\u00a0\u00bb24px\u00a0\u00bb header_line_height=\u00a0\u00bb1.25em\u00a0\u00bb body_font=\u00a0\u00bbOpen Sans|600|||||||\u00a0\u00bb body_text_align=\u00a0\u00bbleft\u00a0\u00bb body_text_color=\u00a0\u00bb#001C38&Prime; body_font_size=\u00a0\u00bb15px\u00a0\u00bb body_line_height=\u00a0\u00bb1.33em\u00a0\u00bb background_color=\u00a0\u00bbrgba(0,41,82,0.03)\u00a0\u00bb text_orientation=\u00a0\u00bbleft\u00a0\u00bb custom_margin=\u00a0\u00bb0px||\u00a0\u00bb custom_padding=\u00a0\u00bb30px|24px|30px|24px\u00a0\u00bb link_option_url_new_window=\u00a0\u00bbon\u00a0\u00bb disabled=\u00a0\u00bbon\u00a0\u00bb]Encouragez vos employ\u00e9s \u00e0 utiliser cet outil pour qu&rsquo;ils en sachent davantage sur leur rapport au stress.[\/et_pb_cta][\/et_pb_column][et_pb_column type=\u00a0\u00bb1_4&Prime; _builder_version=\u00a0\u00bb3.25.1&Prime;][et_pb_cta title=\u00a0\u00bbTrouver des conseillers\u00a0\u00bb button_url=\u00a0\u00bb\/fr\/trouver-des-conseillers\/\u00a0\u00bb button_text=\u00a0\u00bbAcc\u00e9der \u00e0 la liste\u00a0\u00bb disabled_on=\u00a0\u00bbon|on|on\u00a0\u00bb module_class=\u00a0\u00bbteaser&#8211;transparent teaser&#8211;equal-height\u00a0\u00bb _builder_version=\u00a0\u00bb3.25.1&Prime; header_level=\u00a0\u00bbh3&Prime; header_font=\u00a0\u00bbOpen Sans|800|||||||\u00a0\u00bb header_text_color=\u00a0\u00bb#005BB7&Prime; header_font_size=\u00a0\u00bb24px\u00a0\u00bb header_line_height=\u00a0\u00bb1.25em\u00a0\u00bb body_font=\u00a0\u00bbOpen Sans|600|||||||\u00a0\u00bb body_text_align=\u00a0\u00bbleft\u00a0\u00bb body_text_color=\u00a0\u00bb#005BB7&Prime; body_font_size=\u00a0\u00bb15px\u00a0\u00bb body_line_height=\u00a0\u00bb1.33em\u00a0\u00bb background_color=\u00a0\u00bbrgba(0,0,0,0)\u00a0\u00bb text_orientation=\u00a0\u00bbleft\u00a0\u00bb custom_margin=\u00a0\u00bb0px||\u00a0\u00bb custom_padding=\u00a0\u00bb30px|24px|30px|24px\u00a0\u00bb link_option_url_new_window=\u00a0\u00bbon\u00a0\u00bb border_width_all=\u00a0\u00bb1px\u00a0\u00bb border_color_all=\u00a0\u00bb#005BB7&Prime; disabled=\u00a0\u00bbon\u00a0\u00bb]Trouvez des conseillers-\u00e8res dans votre r\u00e9gion.[\/et_pb_cta][\/et_pb_column][\/et_pb_row][\/et_pb_section]<\/p>\n","protected":false},"excerpt":{"rendered":"<p>Lorsque vous avez r\u00e9ussi \u00e0 situer le probl\u00e8me, r\u00e9fl\u00e9chissez \u00e0 une situation de travail qui serait id\u00e9ale. Il s&rsquo;agit de d\u00e9crire la situation id\u00e9ale et de d\u00e9velopper une id\u00e9e concr\u00e8te de la situation souhait\u00e9e. Quels sont les aspects qui doivent, selon vous, absolument \u00eatre en ordre? D\u00e9crivez comment les choses devraient \u00eatre et ne vous [&hellip;]<\/p>\n","protected":false},"author":16,"featured_media":0,"parent":2434,"menu_order":0,"comment_status":"closed","ping_status":"closed","template":"","meta":{"_et_pb_use_builder":"on","_et_pb_old_content":"","_et_gb_content_width":"","footnotes":""},"_links":{"self":[{"href":"https:\/\/old.stressnostress.ch\/fr\/wp-json\/wp\/v2\/pages\/2443"}],"collection":[{"href":"https:\/\/old.stressnostress.ch\/fr\/wp-json\/wp\/v2\/pages"}],"about":[{"href":"https:\/\/old.stressnostress.ch\/fr\/wp-json\/wp\/v2\/types\/page"}],"author":[{"embeddable":true,"href":"https:\/\/old.stressnostress.ch\/fr\/wp-json\/wp\/v2\/users\/16"}],"replies":[{"embeddable":true,"href":"https:\/\/old.stressnostress.ch\/fr\/wp-json\/wp\/v2\/comments?post=2443"}],"version-history":[{"count":15,"href":"https:\/\/old.stressnostress.ch\/fr\/wp-json\/wp\/v2\/pages\/2443\/revisions"}],"predecessor-version":[{"id":4921,"href":"https:\/\/old.stressnostress.ch\/fr\/wp-json\/wp\/v2\/pages\/2443\/revisions\/4921"}],"up":[{"embeddable":true,"href":"https:\/\/old.stressnostress.ch\/fr\/wp-json\/wp\/v2\/pages\/2434"}],"wp:attachment":[{"href":"https:\/\/old.stressnostress.ch\/fr\/wp-json\/wp\/v2\/media?parent=2443"}],"curies":[{"name":"wp","href":"https:\/\/api.w.org\/{rel}","templated":true}]}}