{"id":2450,"date":"2019-08-21T12:38:19","date_gmt":"2019-08-21T10:38:19","guid":{"rendered":"https:\/\/stressnostress.ch\/le-stress-moi\/5-objectif-atteint\/"},"modified":"2021-05-15T10:59:02","modified_gmt":"2021-05-15T08:59:02","slug":"5-objectif-atteint","status":"publish","type":"page","link":"https:\/\/old.stressnostress.ch\/fr\/le-stress-moi\/5-objectif-atteint\/","title":{"rendered":"5. Objectif atteint?"},"content":{"rendered":"<p>[et_pb_section fb_built=\u00a0\u00bb1&Prime; _builder_version=\u00a0\u00bb3.24.1&Prime;][et_pb_row _builder_version=\u00a0\u00bb3.25&Prime;][et_pb_column type=\u00a0\u00bb4_4&Prime; _builder_version=\u00a0\u00bb3.25&Prime; custom_padding=\u00a0\u00bb|||\u00a0\u00bb custom_padding__hover=\u00a0\u00bb|||\u00a0\u00bb]<\/p>\n<p>[et_pb_post_title meta=\u00a0\u00bboff\u00a0\u00bb _builder_version=\u00a0\u00bb3.24.1&Prime; title_font=\u00a0\u00bb||||||||\u00a0\u00bb title_font_size=\u00a0\u00bb48px\u00a0\u00bb][\/et_pb_post_title]<\/p>\n<p>[\/et_pb_column][\/et_pb_row][et_pb_row column_structure=\u00a0\u00bb1_5,3_5,1_5&Prime; _builder_version=\u00a0\u00bb3.25&Prime; custom_padding=\u00a0\u00bb0px|||||\u00a0\u00bb][et_pb_column type=\u00a0\u00bb1_5&Prime; _builder_version=\u00a0\u00bb3.25&Prime; custom_padding=\u00a0\u00bb|||\u00a0\u00bb custom_padding__hover=\u00a0\u00bb|||\u00a0\u00bb]<\/p>\n<p>[et_pb_sidebar area=\u00a0\u00bbet_pb_widget_area_4&Prime; show_border=\u00a0\u00bboff\u00a0\u00bb module_id=\u00a0\u00bbnav-prozess-unternehmen\u00a0\u00bb _builder_version=\u00a0\u00bb3.25.1&Prime;][\/et_pb_sidebar]<\/p>\n<p>[\/et_pb_column][et_pb_column type=\u00a0\u00bb3_5&Prime; _builder_version=\u00a0\u00bb3.25&Prime; custom_padding=\u00a0\u00bb|||\u00a0\u00bb custom_padding__hover=\u00a0\u00bb|||\u00a0\u00bb][et_pb_text _builder_version=\u00a0\u00bb3.27.4&Prime;]<\/p>\n<p>Gr\u00e2ce \u00e0 cette \u00e9valuation, et en mettant en \u0153uvre les diff\u00e9rentes mesures, votre situation de stress aurait d\u00fb s&rsquo;am\u00e9liorer. V\u00e9rifiez si vous \u00eates moins stress\u00e9 et si la situation s&rsquo;est am\u00e9lior\u00e9e.<\/p>\n<ul>\n<li>Compl\u00e9tez \u00e0 nouveau le Stress-Check personnel.<\/li>\n<li>Comparez les r\u00e9sultats et vos r\u00e9ponses avec le premier Stress-Check personnel.<\/li>\n<\/ul>\n<h2>V\u00e9rification des mesures<\/h2>\n<p>Posez-vous les questions suivantes :<\/p>\n<ul>\n<li>Ai-je pris les mesures comme cela avait \u00e9t\u00e9 pr\u00e9vu?<\/li>\n<li>Si non, qu&rsquo;est-ce qui m&rsquo;a arr\u00eat\u00e9?<\/li>\n<li>Si oui, les mesures ont-elles donn\u00e9 les r\u00e9sultats escompt\u00e9s?<\/li>\n<li>Ai-je atteint la situation souhait\u00e9e?<\/li>\n<li>La situation de stress actuelle me convient-elle ou ai-je besoin de mesures suppl\u00e9mentaires pour r\u00e9duire mon stress?<\/li>\n<\/ul>\n<p>Si vous arrivez \u00e0 la conclusion que la situation ne vous convient toujours pas, traitez \u00e0 nouveau les points encore insatisfaisants. R\u00e9fl\u00e9chissez \u00e0<\/p>\n<ul>\n<li>ce qui pourrait en \u00eatre la cause<\/li>\n<li>ce que vous voulez r\u00e9aliser<\/li>\n<li>les mesures appropri\u00e9es pour y parvenir<\/li>\n<\/ul>\n<p>[\/et_pb_text][\/et_pb_column][et_pb_column type=\u00a0\u00bb1_5&Prime; _builder_version=\u00a0\u00bb3.25&Prime; custom_padding=\u00a0\u00bb|||\u00a0\u00bb custom_padding__hover=\u00a0\u00bb|||\u00a0\u00bb][\/et_pb_column][\/et_pb_row][\/et_pb_section][et_pb_section fb_built=\u00a0\u00bb1&Prime; _builder_version=\u00a0\u00bb3.25.1&Prime; custom_padding=\u00a0\u00bb0px||\u00a0\u00bb][et_pb_row column_structure=\u00a0\u00bb1_4,1_4,1_4,1_4&Prime; module_class=\u00a0\u00bbteaser-row&#8211;equal-height\u00a0\u00bb _builder_version=\u00a0\u00bb3.25.1&Prime;][et_pb_column type=\u00a0\u00bb1_4&Prime; _builder_version=\u00a0\u00bb3.25.1&Prime;][et_pb_cta title=\u00a0\u00bbStress-Check personnel (en ligne)\u00a0\u00bb button_url=\u00a0\u00bbhttp:\/\/www.stress-no-stress.ch\/checkp\/checkp.php?language=fr\u00a0\u00bb url_new_window=\u00a0\u00bbon\u00a0\u00bb button_text=\u00a0\u00bbAcc\u00e9der au site du Stress-Check\u00a0\u00bb module_class=\u00a0\u00bbteaser&#8211;orange teaser&#8211;equal-height\u00a0\u00bb _builder_version=\u00a0\u00bb3.25.1&Prime; header_level=\u00a0\u00bbh3&Prime; header_font=\u00a0\u00bbOpen Sans|800|||||||\u00a0\u00bb header_font_size=\u00a0\u00bb24px\u00a0\u00bb header_line_height=\u00a0\u00bb1.25em\u00a0\u00bb body_font=\u00a0\u00bbOpen Sans|600|||||||\u00a0\u00bb body_text_align=\u00a0\u00bbleft\u00a0\u00bb body_font_size=\u00a0\u00bb15px\u00a0\u00bb body_line_height=\u00a0\u00bb1.33em\u00a0\u00bb background_color=\u00a0\u00bb#F47E39&Prime; text_orientation=\u00a0\u00bbleft\u00a0\u00bb custom_margin=\u00a0\u00bb0px||\u00a0\u00bb custom_padding=\u00a0\u00bb30px|24px|30px|24px\u00a0\u00bb link_option_url_new_window=\u00a0\u00bbon\u00a0\u00bb]<\/p>\n<p>F\u00fcllen Sie Ihren pers\u00f6nlichen Stress-Check aus und finden Sie mehr heraus \u00fcber Ihre Stressursachen.<\/p>\n<p>[\/et_pb_cta][\/et_pb_column][et_pb_column type=\u00a0\u00bb1_4&Prime; _builder_version=\u00a0\u00bb3.25.1&Prime;][et_pb_cta title=\u00a0\u00bbStress-Check personnel (version papier)\u00a0\u00bb button_url=\u00a0\u00bb\/wp-content\/uploads\/2021\/05\/Stress-Check_fuer_mich_FR.pdf\u00a0\u00bb url_new_window=\u00a0\u00bbon\u00a0\u00bb button_text=\u00a0\u00bbT\u00e9l\u00e9charger le PDF\u00a0\u00bb disabled_on=\u00a0\u00bboff|off|off\u00a0\u00bb module_class=\u00a0\u00bbteaser&#8211;blue teaser&#8211;equal-height\u00a0\u00bb _builder_version=\u00a0\u00bb3.25.1&Prime; header_level=\u00a0\u00bbh3&Prime; header_font=\u00a0\u00bbOpen Sans|800|||||||\u00a0\u00bb header_font_size=\u00a0\u00bb24px\u00a0\u00bb header_line_height=\u00a0\u00bb1.25em\u00a0\u00bb body_font=\u00a0\u00bbOpen Sans|600|||||||\u00a0\u00bb body_text_align=\u00a0\u00bbleft\u00a0\u00bb body_font_size=\u00a0\u00bb15px\u00a0\u00bb body_line_height=\u00a0\u00bb1.33em\u00a0\u00bb background_color=\u00a0\u00bb#005BB7&Prime; text_orientation=\u00a0\u00bbleft\u00a0\u00bb custom_margin=\u00a0\u00bb0px||\u00a0\u00bb custom_padding=\u00a0\u00bb30px|24px|30px|24px\u00a0\u00bb link_option_url_new_window=\u00a0\u00bbon\u00a0\u00bb]<\/p>\n<p>F\u00fcllen Sie Ihren pers\u00f6nlichen Stress-Check aus und finden Sie mehr heraus \u00fcber Ihre Stressursachen.<\/p>\n<p>[\/et_pb_cta][\/et_pb_column][et_pb_column type=\u00a0\u00bb1_4&Prime; _builder_version=\u00a0\u00bb3.25.1&Prime;][et_pb_cta title=\u00a0\u00bbStress-Check personnel\u00a0\u00bb button_url=\u00a0\u00bbhttps:\/\/stressnostress.ch\/fr\/le-stress-moi\/\u00a0\u00bb button_text=\u00a0\u00bbD\u00e9tails\u00a0\u00bb disabled_on=\u00a0\u00bbon|on|on\u00a0\u00bb module_class=\u00a0\u00bbteaser&#8211;gray teaser&#8211;equal-height\u00a0\u00bb _builder_version=\u00a0\u00bb3.25.1&Prime; header_level=\u00a0\u00bbh3&Prime; header_font=\u00a0\u00bbOpen Sans|800|||||||\u00a0\u00bb header_text_color=\u00a0\u00bb#001C38&Prime; header_font_size=\u00a0\u00bb24px\u00a0\u00bb header_line_height=\u00a0\u00bb1.25em\u00a0\u00bb body_font=\u00a0\u00bbOpen Sans|600|||||||\u00a0\u00bb body_text_align=\u00a0\u00bbleft\u00a0\u00bb body_text_color=\u00a0\u00bb#001C38&Prime; body_font_size=\u00a0\u00bb15px\u00a0\u00bb body_line_height=\u00a0\u00bb1.33em\u00a0\u00bb background_color=\u00a0\u00bbrgba(0,41,82,0.03)\u00a0\u00bb text_orientation=\u00a0\u00bbleft\u00a0\u00bb custom_margin=\u00a0\u00bb0px||\u00a0\u00bb custom_padding=\u00a0\u00bb30px|24px|30px|24px\u00a0\u00bb link_option_url_new_window=\u00a0\u00bbon\u00a0\u00bb disabled=\u00a0\u00bbon\u00a0\u00bb]<\/p>\n<p>Vous pouvez encourager vos collaborateurs \u00e0 utiliser cet outil pour qu&rsquo;ils en apprennent davantage sur leur rapport au stress.<\/p>\n<p>[\/et_pb_cta][\/et_pb_column][et_pb_column type=\u00a0\u00bb1_4&Prime; _builder_version=\u00a0\u00bb3.25.1&Prime;][et_pb_cta title=\u00a0\u00bbTrouver des conseillers\u00a0\u00bb button_url=\u00a0\u00bbhttps:\/\/stressnostress.ch\/fr\/trouver-des-conseillers\/\u00a0\u00bb button_text=\u00a0\u00bbAcc\u00e9der \u00e0 la liste\u00a0\u00bb disabled_on=\u00a0\u00bboff|off|off\u00a0\u00bb module_class=\u00a0\u00bbteaser&#8211;transparent teaser&#8211;equal-height\u00a0\u00bb _builder_version=\u00a0\u00bb4.0.6&Prime; header_level=\u00a0\u00bbh3&Prime; header_font=\u00a0\u00bbOpen Sans|800|||||||\u00a0\u00bb header_text_color=\u00a0\u00bb#005BB7&Prime; header_font_size=\u00a0\u00bb24px\u00a0\u00bb header_line_height=\u00a0\u00bb1.25em\u00a0\u00bb body_font=\u00a0\u00bbOpen Sans|600|||||||\u00a0\u00bb body_text_align=\u00a0\u00bbleft\u00a0\u00bb body_text_color=\u00a0\u00bb#005BB7&Prime; body_font_size=\u00a0\u00bb15px\u00a0\u00bb body_line_height=\u00a0\u00bb1.33em\u00a0\u00bb background_color=\u00a0\u00bbrgba(0,0,0,0)\u00a0\u00bb text_orientation=\u00a0\u00bbleft\u00a0\u00bb custom_margin=\u00a0\u00bb0px||\u00a0\u00bb custom_padding=\u00a0\u00bb30px|24px|30px|24px\u00a0\u00bb link_option_url_new_window=\u00a0\u00bbon\u00a0\u00bb hover_enabled=\u00a0\u00bb0&Prime; border_width_all=\u00a0\u00bb1px\u00a0\u00bb border_color_all=\u00a0\u00bb#005BB7&Prime; custom_button=\u00a0\u00bbon\u00a0\u00bb button_text_color=\u00a0\u00bb#005bb7&Prime; button_border_color=\u00a0\u00bb#005bb7&Prime;]<\/p>\n<p>Trouvez des conseillers-\u00e8res dans votre r\u00e9gion.<\/p>\n<p>[\/et_pb_cta][\/et_pb_column][\/et_pb_row][\/et_pb_section]<\/p>\n","protected":false},"excerpt":{"rendered":"<p>Gr\u00e2ce \u00e0 cette \u00e9valuation, et en mettant en \u0153uvre les diff\u00e9rentes mesures, votre situation de stress aurait d\u00fb s&rsquo;am\u00e9liorer. V\u00e9rifiez si vous \u00eates moins stress\u00e9 et si la situation s&rsquo;est am\u00e9lior\u00e9e. Compl\u00e9tez \u00e0 nouveau le Stress-Check personnel. Comparez les r\u00e9sultats et vos r\u00e9ponses avec le premier Stress-Check personnel. V\u00e9rification des mesures Posez-vous les questions suivantes [&hellip;]<\/p>\n","protected":false},"author":16,"featured_media":0,"parent":2434,"menu_order":0,"comment_status":"closed","ping_status":"closed","template":"","meta":{"_et_pb_use_builder":"on","_et_pb_old_content":"","_et_gb_content_width":"","footnotes":""},"_links":{"self":[{"href":"https:\/\/old.stressnostress.ch\/fr\/wp-json\/wp\/v2\/pages\/2450"}],"collection":[{"href":"https:\/\/old.stressnostress.ch\/fr\/wp-json\/wp\/v2\/pages"}],"about":[{"href":"https:\/\/old.stressnostress.ch\/fr\/wp-json\/wp\/v2\/types\/page"}],"author":[{"embeddable":true,"href":"https:\/\/old.stressnostress.ch\/fr\/wp-json\/wp\/v2\/users\/16"}],"replies":[{"embeddable":true,"href":"https:\/\/old.stressnostress.ch\/fr\/wp-json\/wp\/v2\/comments?post=2450"}],"version-history":[{"count":15,"href":"https:\/\/old.stressnostress.ch\/fr\/wp-json\/wp\/v2\/pages\/2450\/revisions"}],"predecessor-version":[{"id":4933,"href":"https:\/\/old.stressnostress.ch\/fr\/wp-json\/wp\/v2\/pages\/2450\/revisions\/4933"}],"up":[{"embeddable":true,"href":"https:\/\/old.stressnostress.ch\/fr\/wp-json\/wp\/v2\/pages\/2434"}],"wp:attachment":[{"href":"https:\/\/old.stressnostress.ch\/fr\/wp-json\/wp\/v2\/media?parent=2450"}],"curies":[{"name":"wp","href":"https:\/\/api.w.org\/{rel}","templated":true}]}}