{"id":2467,"date":"2019-08-21T12:40:32","date_gmt":"2019-08-21T10:40:32","guid":{"rendered":"https:\/\/stressnostress.ch\/a-propos-de-nous\/"},"modified":"2021-10-21T08:51:04","modified_gmt":"2021-10-21T06:51:04","slug":"a-propos-de-nous","status":"publish","type":"page","link":"https:\/\/old.stressnostress.ch\/fr\/a-propos-de-nous\/","title":{"rendered":"\u00c0 propos de nous"},"content":{"rendered":"<p>[et_pb_section fb_built=\u00a0\u00bb1&Prime; _builder_version=\u00a0\u00bb3.24&Prime; custom_padding=\u00a0\u00bb55px||0px|||\u00a0\u00bb global_colors_info=\u00a0\u00bb{}\u00a0\u00bb][et_pb_row _builder_version=\u00a0\u00bb3.25&Prime; custom_padding=\u00a0\u00bb0px|||||\u00a0\u00bb global_colors_info=\u00a0\u00bb{}\u00a0\u00bb][et_pb_column type=\u00a0\u00bb4_4&Prime; _builder_version=\u00a0\u00bb3.25&Prime; custom_padding=\u00a0\u00bb|||\u00a0\u00bb global_colors_info=\u00a0\u00bb{}\u00a0\u00bb custom_padding__hover=\u00a0\u00bb|||\u00a0\u00bb]<\/p>\n<p>[et_pb_post_title meta=\u00a0\u00bboff\u00a0\u00bb featured_image=\u00a0\u00bboff\u00a0\u00bb _builder_version=\u00a0\u00bb3.24.1&Prime; title_font=\u00a0\u00bbOpen Sans|800|||||||\u00a0\u00bb title_text_color=\u00a0\u00bb#001C38&Prime; title_font_size=\u00a0\u00bb48px\u00a0\u00bb][\/et_pb_post_title]<\/p>\n<p>[\/et_pb_column][\/et_pb_row][\/et_pb_section][et_pb_section fb_built=\u00a0\u00bb1&Prime; _builder_version=\u00a0\u00bb3.24&Prime; custom_padding=\u00a0\u00bb0px|||||\u00a0\u00bb global_colors_info=\u00a0\u00bb{}\u00a0\u00bb][et_pb_row column_structure=\u00a0\u00bb1_5,3_5,1_5&Prime; _builder_version=\u00a0\u00bb4.0.7&Prime; custom_margin=\u00a0\u00bb||0px||false|false\u00a0\u00bb custom_padding=\u00a0\u00bb0px||0px||false|false\u00a0\u00bb global_colors_info=\u00a0\u00bb{}\u00a0\u00bb][et_pb_column type=\u00a0\u00bb1_5&Prime; _builder_version=\u00a0\u00bb3.25&Prime; custom_padding=\u00a0\u00bb|||\u00a0\u00bb global_colors_info=\u00a0\u00bb{}\u00a0\u00bb custom_padding__hover=\u00a0\u00bb|||\u00a0\u00bb][\/et_pb_column][et_pb_column type=\u00a0\u00bb3_5&Prime; _builder_version=\u00a0\u00bb3.25&Prime; custom_padding=\u00a0\u00bb|||\u00a0\u00bb global_colors_info=\u00a0\u00bb{}\u00a0\u00bb custom_padding__hover=\u00a0\u00bb|||\u00a0\u00bb][et_pb_text _builder_version=\u00a0\u00bb4.9.11&Prime; custom_padding=\u00a0\u00bb0px|||||\u00a0\u00bb hover_enabled=\u00a0\u00bb0&Prime; global_colors_info=\u00a0\u00bb{}\u00a0\u00bb sticky_enabled=\u00a0\u00bb0&Prime;]<\/p>\n<p>stressnostress est un portail en ligne ayant pour but\u202f:<\/p>\n<ul>\n<li>d\u2019attirer l\u2019attention des entreprises et de leurs collaboratrices et collaborateurs sur les risques d\u2019une augmentation du stress dans la vie professionnelle et dans la sph\u00e8re priv\u00e9e;<\/li>\n<li>de proposer des aides pour r\u00e9duire le stress.<\/li>\n<\/ul>\n<p>Fond\u00e9e en 2004 en tant qu\u2019association, stressnostress est g\u00e9r\u00e9e depuis le 1er\u202fjanvier 2021 par la F\u00e9d\u00e9ration Suisse des Psychologues (FSP). La qualit\u00e9 des stress-checks est garantie par le service de psychologie du travail et des organisations de l\u2019Institut de psychologie de l\u2019Universit\u00e9 de Berne.<\/p>\n<p>L\u2019histoire de stressnostress est \u00e0 d\u00e9couvrir <a href=\"https:\/\/stressnostress.ch\/wp-content\/uploads\/2020\/12\/Geschichte-stressnostress-FR.pdf\" target=\"_blank\" rel=\"attachment noopener wp-att-3719\">ici<\/a>.<\/p>\n<h2>Devenir conseill\u00e8re ou conseiller<\/h2>\n<p>Vous souhaitez \u00eatre figurer comme conseill\u00e8re ou conseiller sur le site de stressnostress.ch? Vous trouverez toutes les informations n\u00e9cessaires sur le <a href=\"\/wp-content\/uploads\/2021\/10\/sNs_Antragsformular-Beraterinnen-Berater_FR.pdf\" target=\"_blank\" rel=\"noopener\">formulaire<\/a> suivant. Veuillez envoyer le formulaire compl\u00e9t\u00e9 \u00e0 <a href=\"mailto:info@stressnostress.ch\">info@stressnostress.ch<\/a>. Votre demande sera examin\u00e9e dans les meilleurs d\u00e9lais.<\/p>\n<p>[\/et_pb_text][\/et_pb_column][et_pb_column type=\u00a0\u00bb1_5&Prime; _builder_version=\u00a0\u00bb3.25&Prime; custom_padding=\u00a0\u00bb|||\u00a0\u00bb global_colors_info=\u00a0\u00bb{}\u00a0\u00bb custom_padding__hover=\u00a0\u00bb|||\u00a0\u00bb][\/et_pb_column][\/et_pb_row][\/et_pb_section][et_pb_section fb_built=\u00a0\u00bb1&Prime; _builder_version=\u00a0\u00bb3.25.1&Prime; custom_padding=\u00a0\u00bb0px||\u00a0\u00bb global_colors_info=\u00a0\u00bb{}\u00a0\u00bb][et_pb_row column_structure=\u00a0\u00bb1_4,1_4,1_4,1_4&Prime; module_class=\u00a0\u00bbteaser-row&#8211;equal-height\u00a0\u00bb _builder_version=\u00a0\u00bb3.25.1&Prime; global_colors_info=\u00a0\u00bb{}\u00a0\u00bb][et_pb_column type=\u00a0\u00bb1_4&Prime; _builder_version=\u00a0\u00bb3.25.1&Prime; global_colors_info=\u00a0\u00bb{}\u00a0\u00bb][et_pb_cta title=\u00a0\u00bbRapports scientifiques\u00a0\u00bb button_url=\u00a0\u00bbhttps:\/\/stressnostress.ch\/fr\/lexique\/#lexikon-downloads\u00a0\u00bb button_text=\u00a0\u00bbAux rapports\u00a0\u00bb module_class=\u00a0\u00bbteaser&#8211;orange teaser&#8211;equal-height\u00a0\u00bb _builder_version=\u00a0\u00bb4.7.7&Prime; header_level=\u00a0\u00bbh3&Prime; header_font=\u00a0\u00bbOpen Sans|800|||||||\u00a0\u00bb header_font_size=\u00a0\u00bb24px\u00a0\u00bb header_line_height=\u00a0\u00bb1.25em\u00a0\u00bb body_font=\u00a0\u00bbOpen Sans|600|||||||\u00a0\u00bb body_text_align=\u00a0\u00bbleft\u00a0\u00bb body_font_size=\u00a0\u00bb15px\u00a0\u00bb body_line_height=\u00a0\u00bb1.33em\u00a0\u00bb background_color=\u00a0\u00bb#F47E39&Prime; text_orientation=\u00a0\u00bbleft\u00a0\u00bb custom_margin=\u00a0\u00bb0px||\u00a0\u00bb custom_padding=\u00a0\u00bb30px|24px|30px|24px\u00a0\u00bb link_option_url_new_window=\u00a0\u00bbon\u00a0\u00bb global_colors_info=\u00a0\u00bb{}\u00a0\u00bb]Archives des rapports scientifiques[\/et_pb_cta][\/et_pb_column][et_pb_column type=\u00a0\u00bb1_4&Prime; _builder_version=\u00a0\u00bb3.25.1&Prime; global_colors_info=\u00a0\u00bb{}\u00a0\u00bb][et_pb_cta title=\u00a0\u00bbHistoire de stressnostress\u00a0\u00bb button_url=\u00a0\u00bb\/wp-content\/uploads\/2020\/12\/Geschichte-stressnostress-FR.pdf\u00a0\u00bb url_new_window=\u00a0\u00bbon\u00a0\u00bb button_text=\u00a0\u00bbT\u00e9l\u00e9charger le PDF\u00a0\u00bb disabled_on=\u00a0\u00bboff|off|off\u00a0\u00bb admin_label=\u00a0\u00bbHandlungsaufruf\u00a0\u00bb module_class=\u00a0\u00bbteaser&#8211;blue teaser&#8211;equal-height\u00a0\u00bb _builder_version=\u00a0\u00bb4.7.7&Prime; header_level=\u00a0\u00bbh3&Prime; header_font=\u00a0\u00bbOpen Sans|800|||||||\u00a0\u00bb header_font_size=\u00a0\u00bb24px\u00a0\u00bb header_line_height=\u00a0\u00bb1.25em\u00a0\u00bb body_font=\u00a0\u00bbOpen Sans|600|||||||\u00a0\u00bb body_text_align=\u00a0\u00bbleft\u00a0\u00bb body_font_size=\u00a0\u00bb15px\u00a0\u00bb body_line_height=\u00a0\u00bb1.33em\u00a0\u00bb background_color=\u00a0\u00bb#005BB7&Prime; text_orientation=\u00a0\u00bbleft\u00a0\u00bb custom_margin=\u00a0\u00bb0px||\u00a0\u00bb custom_padding=\u00a0\u00bb30px|24px|30px|24px\u00a0\u00bb link_option_url_new_window=\u00a0\u00bbon\u00a0\u00bb global_colors_info=\u00a0\u00bb{}\u00a0\u00bb]<\/p>\n<p>Description de l&rsquo;origine et du d\u00e9veloppement de stressnostress<\/p>\n<p>[\/et_pb_cta][\/et_pb_column][et_pb_column type=\u00a0\u00bb1_4&Prime; _builder_version=\u00a0\u00bb3.25.1&Prime; global_colors_info=\u00a0\u00bb{}\u00a0\u00bb][et_pb_cta title=\u00a0\u00bbDevenir conseill\u00e8re ou conseiller\u00a0\u00bb button_url=\u00a0\u00bb\/wp-content\/uploads\/2021\/10\/sNs_Antragsformular-Beraterinnen-Berater_FR.pdf\u00a0\u00bb button_text=\u00a0\u00bbT\u00e9l\u00e9charger le PDF\u00a0\u00bb disabled_on=\u00a0\u00bboff|off|off\u00a0\u00bb module_class=\u00a0\u00bbteaser&#8211;gray teaser&#8211;equal-height\u00a0\u00bb _builder_version=\u00a0\u00bb4.9.11&Prime; header_level=\u00a0\u00bbh3&Prime; header_font=\u00a0\u00bbOpen Sans|800|||||||\u00a0\u00bb header_text_color=\u00a0\u00bb#001C38&Prime; header_font_size=\u00a0\u00bb24px\u00a0\u00bb header_line_height=\u00a0\u00bb1.25em\u00a0\u00bb body_font=\u00a0\u00bbOpen Sans|600|||||||\u00a0\u00bb body_text_align=\u00a0\u00bbleft\u00a0\u00bb body_text_color=\u00a0\u00bb#001C38&Prime; body_font_size=\u00a0\u00bb15px\u00a0\u00bb body_line_height=\u00a0\u00bb1.33em\u00a0\u00bb background_color=\u00a0\u00bbrgba(0,41,82,0.03)\u00a0\u00bb custom_button=\u00a0\u00bbon\u00a0\u00bb button_text_color=\u00a0\u00bb#001c38&Prime; button_border_color=\u00a0\u00bb#001c38&Prime; text_orientation=\u00a0\u00bbleft\u00a0\u00bb custom_margin=\u00a0\u00bb0px||\u00a0\u00bb custom_padding=\u00a0\u00bb30px|24px|30px|24px\u00a0\u00bb link_option_url_new_window=\u00a0\u00bbon\u00a0\u00bb hover_enabled=\u00a0\u00bb0&Prime; global_colors_info=\u00a0\u00bb{}\u00a0\u00bb url_new_window=\u00a0\u00bbon\u00a0\u00bb sticky_enabled=\u00a0\u00bb0&Prime;]<\/p>\n<p>Veuillez nous envoyer le formulaire rempli<\/p>\n<p>[\/et_pb_cta][\/et_pb_column][et_pb_column type=\u00a0\u00bb1_4&Prime; _builder_version=\u00a0\u00bb3.25.1&Prime; global_colors_info=\u00a0\u00bb{}\u00a0\u00bb][et_pb_cta title=\u00a0\u00bbStatuts\u00a0\u00bb button_url=\u00a0\u00bb\/wp-content\/uploads\/2019\/10\/15_Statuten_FR.pdf\u00a0\u00bb url_new_window=\u00a0\u00bbon\u00a0\u00bb button_text=\u00a0\u00bbT\u00e9l\u00e9charger le PDF\u00a0\u00bb disabled_on=\u00a0\u00bbon|on|on\u00a0\u00bb module_class=\u00a0\u00bbteaser&#8211;orange teaser&#8211;equal-height\u00a0\u00bb _builder_version=\u00a0\u00bb3.29.3&Prime; header_level=\u00a0\u00bbh3&Prime; header_font=\u00a0\u00bbOpen Sans|800|||||||\u00a0\u00bb header_font_size=\u00a0\u00bb24px\u00a0\u00bb header_line_height=\u00a0\u00bb1.25em\u00a0\u00bb body_font=\u00a0\u00bbOpen Sans|600|||||||\u00a0\u00bb body_text_align=\u00a0\u00bbleft\u00a0\u00bb body_font_size=\u00a0\u00bb15px\u00a0\u00bb body_line_height=\u00a0\u00bb1.33em\u00a0\u00bb background_color=\u00a0\u00bb#F47E39&Prime; text_orientation=\u00a0\u00bbleft\u00a0\u00bb custom_margin=\u00a0\u00bb0px||\u00a0\u00bb custom_padding=\u00a0\u00bb30px|24px|30px|24px\u00a0\u00bb link_option_url_new_window=\u00a0\u00bbon\u00a0\u00bb disabled=\u00a0\u00bbon\u00a0\u00bb global_colors_info=\u00a0\u00bb{}\u00a0\u00bb]Les statuts de l&rsquo;association stressnostress.ch[\/et_pb_cta][\/et_pb_column][\/et_pb_row][\/et_pb_section]<\/p>\n","protected":false},"excerpt":{"rendered":"<p>stressnostress est un portail en ligne ayant pour but\u202f: d\u2019attirer l\u2019attention des entreprises et de leurs collaboratrices et collaborateurs sur les risques d\u2019une augmentation du stress dans la vie professionnelle et dans la sph\u00e8re priv\u00e9e; de proposer des aides pour r\u00e9duire le stress. Fond\u00e9e en 2004 en tant qu\u2019association, stressnostress est g\u00e9r\u00e9e depuis le 1er\u202fjanvier [&hellip;]<\/p>\n","protected":false},"author":16,"featured_media":0,"parent":0,"menu_order":15,"comment_status":"closed","ping_status":"closed","template":"","meta":{"_et_pb_use_builder":"on","_et_pb_old_content":"","_et_gb_content_width":"","footnotes":""},"_links":{"self":[{"href":"https:\/\/old.stressnostress.ch\/fr\/wp-json\/wp\/v2\/pages\/2467"}],"collection":[{"href":"https:\/\/old.stressnostress.ch\/fr\/wp-json\/wp\/v2\/pages"}],"about":[{"href":"https:\/\/old.stressnostress.ch\/fr\/wp-json\/wp\/v2\/types\/page"}],"author":[{"embeddable":true,"href":"https:\/\/old.stressnostress.ch\/fr\/wp-json\/wp\/v2\/users\/16"}],"replies":[{"embeddable":true,"href":"https:\/\/old.stressnostress.ch\/fr\/wp-json\/wp\/v2\/comments?post=2467"}],"version-history":[{"count":36,"href":"https:\/\/old.stressnostress.ch\/fr\/wp-json\/wp\/v2\/pages\/2467\/revisions"}],"predecessor-version":[{"id":5268,"href":"https:\/\/old.stressnostress.ch\/fr\/wp-json\/wp\/v2\/pages\/2467\/revisions\/5268"}],"wp:attachment":[{"href":"https:\/\/old.stressnostress.ch\/fr\/wp-json\/wp\/v2\/media?parent=2467"}],"curies":[{"name":"wp","href":"https:\/\/api.w.org\/{rel}","templated":true}]}}