{"id":3178,"date":"2020-02-17T11:51:27","date_gmt":"2020-02-17T10:51:27","guid":{"rendered":"https:\/\/stressnostress.ch\/lo-stress-in-azienda\/"},"modified":"2023-06-21T10:47:10","modified_gmt":"2023-06-21T08:47:10","slug":"lo-stress-in-azienda","status":"publish","type":"page","link":"https:\/\/old.stressnostress.ch\/it\/lo-stress-in-azienda\/","title":{"rendered":"Lo stress in azienda"},"content":{"rendered":"<p>[et_pb_section fb_built=&#8221;1&#8243; _builder_version=&#8221;4.16&#8243; custom_padding=&#8221;||0px|||&#8221; global_colors_info=&#8221;{}&#8221;][et_pb_row _builder_version=&#8221;4.16&#8243; global_colors_info=&#8221;{}&#8221;][et_pb_column type=&#8221;4_4&#8243; _builder_version=&#8221;4.16&#8243; custom_padding=&#8221;|||&#8221; global_colors_info=&#8221;{}&#8221; custom_padding__hover=&#8221;|||&#8221;][et_pb_post_title meta=&#8221;off&#8221; featured_image=&#8221;off&#8221; _builder_version=&#8221;4.16&#8243; title_font=&#8221;Open Sans|700|||||||&#8221; title_text_color=&#8221;#001C38&#8243; title_font_size=&#8221;48px&#8221; global_colors_info=&#8221;{}&#8221;][\/et_pb_post_title][\/et_pb_column][\/et_pb_row][\/et_pb_section][et_pb_section fb_built=&#8221;1&#8243; _builder_version=&#8221;4.16&#8243; custom_padding=&#8221;0px|||||&#8221; global_colors_info=&#8221;{}&#8221;][et_pb_row column_structure=&#8221;1_5,3_5,1_5&#8243; _builder_version=&#8221;4.16&#8243; custom_padding=&#8221;37px||0px|||&#8221; global_colors_info=&#8221;{}&#8221;][et_pb_column type=&#8221;1_5&#8243; _builder_version=&#8221;4.16&#8243; custom_padding=&#8221;|||&#8221; global_colors_info=&#8221;{}&#8221; custom_padding__hover=&#8221;|||&#8221;][\/et_pb_column][et_pb_column type=&#8221;3_5&#8243; _builder_version=&#8221;4.16&#8243; custom_padding=&#8221;|||&#8221; global_colors_info=&#8221;{}&#8221; custom_padding__hover=&#8221;|||&#8221;][et_pb_text _builder_version=&#8221;4.21.0&#8243; min_height=&#8221;670px&#8221; custom_margin=&#8221;||-1px|||&#8221; custom_padding=&#8221;||35px|||&#8221; global_colors_info=&#8221;{}&#8221;]<\/p>\n<p>Per l\u2019azienda, qualunque siano le sue dimensioni, lo <a href=\"https:\/\/stressnostress.ch\/it\/lessico-dello-stress\/#definition\">stress<\/a> rappresenta un costo in termini di tempo e denaro. Si stima che i costi di seguito alle conseguenze dello stress in aziende in Svizzera si attesti sui 4,2 miliardi di franchi l\u2019anno. Lo stress porta a un deterioramento della salute dei dipendenti e quindi a<\/p>\n<ul>\n<li>perdite di produttivit\u00e0 dovute alle assenze<\/li>\n<li>aumenti del rischio di infortunio<\/li>\n<li>tassi di fluttuazione del personale pi\u00f9 elevati<\/li>\n<li>spese aggiuntive per l\u2019assunzione di personale<\/li>\n<li>perdite di fatturato dovute all\u2019insoddisfazione dei clienti<\/li>\n<\/ul>\n<p>Combattere lo stress conviene sempre perch\u00e9 permette di acquisire e trattenere collaboratori altamente motivati e di soddisfare la clientela. Cos\u00ec come gli altri rischi correlati alla sicurezza e alla tutela della salute, anche lo stress pu\u00f2 essere gestito con una certa sistematicit\u00e0.<\/p>\n<h2>Ecco come funziona<\/h2>\n<p><em>Lo stress non se ne va via cos\u00ec; \u00e8 invece utile cercare di individuarne le cause ed intervenire. <\/em>Le nostre proposte si fondano su un approccio di intervento sistematico. <a href=\"https:\/\/stressnostress.ch\/it\/trova-consulenti\/\">Consulenti esperti<\/a> vi consigliano su aspetti specifici o vi aiutano a gestire l\u2019intero processo. Verificate tramite test la presenza di segnali di stress nella vostra area gestionale. Prendetevi un po\u2019 di tempo e affrontate la questione in modo sistematico. Il principio \u00e8 semplice:<\/p>\n<p>[\/et_pb_text][et_pb_sidebar area=&#8221;et_pb_widget_area_6&#8243; module_id=&#8221;nav-prozess-unternehmen&#8221; _builder_version=&#8221;4.16&#8243; custom_margin=&#8221;||-11px|||&#8221; custom_padding=&#8221;0px|||||&#8221; hover_enabled=&#8221;0&#8243; global_colors_info=&#8221;{}&#8221; sticky_enabled=&#8221;0&#8243;][\/et_pb_sidebar][\/et_pb_column][et_pb_column type=&#8221;1_5&#8243; _builder_version=&#8221;4.16&#8243; custom_padding=&#8221;|||&#8221; global_colors_info=&#8221;{}&#8221; custom_padding__hover=&#8221;|||&#8221;][\/et_pb_column][\/et_pb_row][et_pb_row column_structure=&#8221;1_4,1_4,1_4,1_4&#8243; module_class=&#8221;teaser-row&#8211;equal-height&#8221; _builder_version=&#8221;4.16&#8243; global_colors_info=&#8221;{}&#8221;][et_pb_column type=&#8221;1_4&#8243; _builder_version=&#8221;4.16&#8243; global_colors_info=&#8221;{}&#8221;][et_pb_cta title=&#8221;Indice di stress&#8221; button_url=&#8221;https:\/\/gesundheitsfoerderung.ch\/assets\/public\/documents\/de\/5-grundlagen\/publikationen\/bgm\/faktenblaetter\/Faktenblatt_010_GFCH_2015-11_-_Job-Stress-Index_2015.pdf&#8221; url_new_window=&#8221;on&#8221; button_text=&#8221;Vai all\u2019indice&#8221; module_class=&#8221;teaser&#8211;orange teaser&#8211;equal-height&#8221; _builder_version=&#8221;4.16&#8243; header_level=&#8221;h3&#8243; header_font=&#8221;Open Sans|800|||||||&#8221; header_font_size=&#8221;24px&#8221; header_line_height=&#8221;1.25em&#8221; body_font=&#8221;Open Sans|600|||||||&#8221; body_text_align=&#8221;left&#8221; body_font_size=&#8221;15px&#8221; body_line_height=&#8221;1.33em&#8221; background_color=&#8221;#F47E39&#8243; text_orientation=&#8221;left&#8221; custom_margin=&#8221;0px||&#8221; custom_padding=&#8221;30px|24px|30px|24px&#8221; link_option_url_new_window=&#8221;on&#8221; global_colors_info=&#8221;{}&#8221;]Indicatori di stress tra la popolazione occupata in Svizzera[\/et_pb_cta][\/et_pb_column][et_pb_column type=&#8221;1_4&#8243; _builder_version=&#8221;4.16&#8243; global_colors_info=&#8221;{}&#8221;][et_pb_cta title=&#8221;Caratteristiche&#8221; button_url=&#8221;\/wp-content\/uploads\/2021\/05\/Merkmale_gesunder_ungesunder_Organisationen_IT.pdf&#8221; url_new_window=&#8221;on&#8221; button_text=&#8221;Scarica il PDF&#8221; module_class=&#8221;teaser&#8211;blue teaser&#8211;equal-height&#8221; _builder_version=&#8221;4.16&#8243; header_level=&#8221;h3&#8243; header_font=&#8221;Open Sans|800|||||||&#8221; header_font_size=&#8221;24px&#8221; header_line_height=&#8221;1.25em&#8221; body_font=&#8221;Open Sans|600|||||||&#8221; body_text_align=&#8221;left&#8221; body_font_size=&#8221;15px&#8221; body_line_height=&#8221;1.33em&#8221; background_color=&#8221;#005BB7&#8243; text_orientation=&#8221;left&#8221; custom_margin=&#8221;0px||&#8221; custom_padding=&#8221;30px|24px|30px|24px&#8221; link_option_url_new_window=&#8221;on&#8221; global_colors_info=&#8221;{}&#8221;]Caratteristiche delle organizzazioni in salute e di quelle non in salute[\/et_pb_cta][\/et_pb_column][et_pb_column type=&#8221;1_4&#8243; _builder_version=&#8221;4.16&#8243; global_colors_info=&#8221;{}&#8221;][et_pb_cta title=&#8221;Lo stress tra la popolazione attiva in Svizzera&#8221; button_url=&#8221;\/wp-content\/uploads\/2019\/07\/2010_stress_seco_DE.pdf&#8221; url_new_window=&#8221;on&#8221; button_text=&#8221;Scarica il PDF&#8221; module_class=&#8221;teaser&#8211;gray teaser&#8211;equal-height&#8221; _builder_version=&#8221;4.16&#8243; header_level=&#8221;h3&#8243; header_font=&#8221;Open Sans|800|||||||&#8221; header_text_color=&#8221;#001C38&#8243; header_font_size=&#8221;24px&#8221; header_line_height=&#8221;1.25em&#8221; body_font=&#8221;Open Sans|600|||||||&#8221; body_text_align=&#8221;left&#8221; body_text_color=&#8221;#001C38&#8243; body_font_size=&#8221;15px&#8221; body_line_height=&#8221;1.33em&#8221; background_color=&#8221;rgba(0,41,82,0.03)&#8221; custom_button=&#8221;on&#8221; button_text_color=&#8221;#001c38&#8243; button_border_color=&#8221;#001c38&#8243; text_orientation=&#8221;left&#8221; custom_margin=&#8221;0px||&#8221; custom_padding=&#8221;30px|24px|30px|24px&#8221; link_option_url_new_window=&#8221;on&#8221; global_colors_info=&#8221;{}&#8221;]Studio sullo stress 2010: condizioni di lavoro, caratteristiche personali, benessere e salute (Seco)[\/et_pb_cta][\/et_pb_column][et_pb_column type=&#8221;1_4&#8243; _builder_version=&#8221;4.16&#8243; global_colors_info=&#8221;{}&#8221;][et_pb_cta title=&#8221;Trova consulenti&#8221; button_url=&#8221;https:\/\/stressnostress.ch\/it\/trova-consulenti\/&#8221; button_text=&#8221;Vai alla lista dei consulenti&#8221; module_class=&#8221;teaser&#8211;transparent teaser&#8211;equal-height&#8221; _builder_version=&#8221;4.16&#8243; header_level=&#8221;h3&#8243; header_font=&#8221;Open Sans|800|||||||&#8221; header_text_color=&#8221;#005BB7&#8243; header_font_size=&#8221;24px&#8221; header_line_height=&#8221;1.25em&#8221; body_font=&#8221;Open Sans|600|||||||&#8221; body_text_align=&#8221;left&#8221; body_text_color=&#8221;#005BB7&#8243; body_font_size=&#8221;15px&#8221; body_line_height=&#8221;1.33em&#8221; background_color=&#8221;rgba(0,0,0,0)&#8221; custom_button=&#8221;on&#8221; button_text_color=&#8221;#005bb7&#8243; button_border_color=&#8221;#005bb7&#8243; text_orientation=&#8221;left&#8221; custom_margin=&#8221;0px||&#8221; custom_padding=&#8221;30px|24px|30px|24px&#8221; link_option_url_new_window=&#8221;on&#8221; border_width_all=&#8221;1px&#8221; border_color_all=&#8221;#005BB7&#8243; global_colors_info=&#8221;{}&#8221;]Trovate consulenti nella vostra zona.[\/et_pb_cta][\/et_pb_column][\/et_pb_row][\/et_pb_section][et_pb_section fb_built=&#8221;1&#8243; disabled_on=&#8221;on|on|on&#8221; _builder_version=&#8221;4.16&#8243; disabled=&#8221;on&#8221; global_colors_info=&#8221;{}&#8221;][et_pb_row _builder_version=&#8221;4.16&#8243; global_colors_info=&#8221;{}&#8221;][et_pb_column type=&#8221;4_4&#8243; _builder_version=&#8221;4.16&#8243; custom_padding=&#8221;|||&#8221; global_colors_info=&#8221;{}&#8221; custom_padding__hover=&#8221;|||&#8221;]<\/p>\n<p>[et_pb_blog fullwidth=&#8221;off&#8221; posts_number=&#8221;3&#8243; meta_date=&#8221;d. F Y&#8221; show_author=&#8221;off&#8221; show_categories=&#8221;off&#8221; _builder_version=&#8221;3.25.1&#8243; body_font=&#8221;||||||||&#8221; meta_font=&#8221;Open Sans||||||||&#8221;][\/et_pb_blog]<\/p>\n<p>[\/et_pb_column][\/et_pb_row][\/et_pb_section]<\/p>\n","protected":false},"excerpt":{"rendered":"<p>Per l\u2019azienda, qualunque siano le sue dimensioni, lo stress rappresenta un costo in termini di tempo e denaro. Si stima che i costi di seguito alle conseguenze dello stress in aziende in Svizzera si attesti sui 4,2 miliardi di franchi l\u2019anno. Lo stress porta a un deterioramento della salute dei dipendenti e quindi a perdite [&hellip;]<\/p>\n","protected":false},"author":16,"featured_media":0,"parent":0,"menu_order":6,"comment_status":"closed","ping_status":"closed","template":"","meta":{"_et_pb_use_builder":"on","_et_pb_old_content":"","_et_gb_content_width":"","footnotes":""},"_links":{"self":[{"href":"https:\/\/old.stressnostress.ch\/it\/wp-json\/wp\/v2\/pages\/3178"}],"collection":[{"href":"https:\/\/old.stressnostress.ch\/it\/wp-json\/wp\/v2\/pages"}],"about":[{"href":"https:\/\/old.stressnostress.ch\/it\/wp-json\/wp\/v2\/types\/page"}],"author":[{"embeddable":true,"href":"https:\/\/old.stressnostress.ch\/it\/wp-json\/wp\/v2\/users\/16"}],"replies":[{"embeddable":true,"href":"https:\/\/old.stressnostress.ch\/it\/wp-json\/wp\/v2\/comments?post=3178"}],"version-history":[{"count":11,"href":"https:\/\/old.stressnostress.ch\/it\/wp-json\/wp\/v2\/pages\/3178\/revisions"}],"predecessor-version":[{"id":5599,"href":"https:\/\/old.stressnostress.ch\/it\/wp-json\/wp\/v2\/pages\/3178\/revisions\/5599"}],"wp:attachment":[{"href":"https:\/\/old.stressnostress.ch\/it\/wp-json\/wp\/v2\/media?parent=3178"}],"curies":[{"name":"wp","href":"https:\/\/api.w.org\/{rel}","templated":true}]}}