{"id":3230,"date":"2020-02-18T13:02:28","date_gmt":"2020-02-18T12:02:28","guid":{"rendered":"https:\/\/stressnostress.ch\/chi-siamo\/"},"modified":"2021-10-21T08:52:08","modified_gmt":"2021-10-21T06:52:08","slug":"chi-siamo","status":"publish","type":"page","link":"https:\/\/old.stressnostress.ch\/it\/chi-siamo\/","title":{"rendered":"Chi siamo"},"content":{"rendered":"<p>[et_pb_section fb_built=&#8221;1&#8243; _builder_version=&#8221;3.24&#8243; custom_padding=&#8221;55px||0px|||&#8221; global_colors_info=&#8221;{}&#8221;][et_pb_row _builder_version=&#8221;3.25&#8243; custom_padding=&#8221;0px|||||&#8221; global_colors_info=&#8221;{}&#8221;][et_pb_column type=&#8221;4_4&#8243; _builder_version=&#8221;3.25&#8243; custom_padding=&#8221;|||&#8221; global_colors_info=&#8221;{}&#8221; custom_padding__hover=&#8221;|||&#8221;][et_pb_post_title meta=&#8221;off&#8221; featured_image=&#8221;off&#8221; _builder_version=&#8221;3.24.1&#8243; title_font=&#8221;Open Sans|800|||||||&#8221; title_text_color=&#8221;#001C38&#8243; title_font_size=&#8221;48px&#8221;][\/et_pb_post_title][\/et_pb_column][\/et_pb_row][\/et_pb_section][et_pb_section fb_built=&#8221;1&#8243; _builder_version=&#8221;3.24&#8243; custom_padding=&#8221;0px|||||&#8221; global_colors_info=&#8221;{}&#8221;][et_pb_row column_structure=&#8221;1_5,3_5,1_5&#8243; _builder_version=&#8221;4.0.7&#8243; custom_margin=&#8221;||0px||false|false&#8221; custom_padding=&#8221;0px||0px||false|false&#8221; global_colors_info=&#8221;{}&#8221;][et_pb_column type=&#8221;1_5&#8243; _builder_version=&#8221;3.25&#8243; custom_padding=&#8221;|||&#8221; global_colors_info=&#8221;{}&#8221; custom_padding__hover=&#8221;|||&#8221;][\/et_pb_column][et_pb_column type=&#8221;3_5&#8243; _builder_version=&#8221;3.25&#8243; custom_padding=&#8221;|||&#8221; global_colors_info=&#8221;{}&#8221; custom_padding__hover=&#8221;|||&#8221;][et_pb_text _builder_version=&#8221;4.9.11&#8243; custom_padding=&#8221;0px|||||&#8221; hover_enabled=&#8221;0&#8243; global_colors_info=&#8221;{}&#8221; sticky_enabled=&#8221;0&#8243;]<\/p>\n<p>Il portale online stressnostress si propone di<\/p>\n<ul>\n<li>portare l\u2019attenzione di aziende e collaboratori sui rischi connessi con l\u2019aumento dello stress nella vita professionale e privata e<\/li>\n<li>fornire strumenti utili a ridurre lo stress.<\/li>\n<\/ul>\n<p>Stressnostress \u00e8 nata come associazione nel 2004 e il 1\u00b0 gennaio 2021 \u00e8 stata rilevata dalla Federazione Svizzera delle Psicologhe e degli Psicologi FSP. La qualit\u00e0 dei test dello stress \u00e8 garantita dal Dipartimento di Psicologia del Lavoro e delle Organizzazioni dell\u2019Istituto di psicologia dell\u2019Universit\u00e0 di Berna.<\/p>\n<p>Abbiamo riassunto <a href=\"https:\/\/stressnostress.ch\/wp-content\/uploads\/2020\/12\/Geschichte-stressnostress-IT.pdf\" target=\"_blank\" rel=\"noopener\">qui<\/a> la storia di stressnostress.<\/p>\n<h2>Diventare consulente<\/h2>\n<p>Vuoi essere tra i consulenti listati sul sito stressnostress.ch? Il seguente <a href=\"\/wp-content\/uploads\/2021\/10\/sNs_Antragsformular-Beraterinnen-Berater_IT.pdf\" target=\"_blank\" rel=\"noopener\">modulo<\/a> contiene tutte le informazioni che ti servono. Compilalo e inviacelo all\u2019indirizzo <a href=\"mailto:info@stressnostress.ch\">info@stressnostress.ch<\/a>. Esamineremo la tua domanda quanto prima.<\/p>\n<p>[\/et_pb_text][\/et_pb_column][et_pb_column type=&#8221;1_5&#8243; _builder_version=&#8221;3.25&#8243; custom_padding=&#8221;|||&#8221; global_colors_info=&#8221;{}&#8221; custom_padding__hover=&#8221;|||&#8221;][\/et_pb_column][\/et_pb_row][\/et_pb_section][et_pb_section fb_built=&#8221;1&#8243; _builder_version=&#8221;3.25.1&#8243; custom_padding=&#8221;0px||&#8221; global_colors_info=&#8221;{}&#8221;][et_pb_row column_structure=&#8221;1_4,1_4,1_4,1_4&#8243; module_class=&#8221;teaser-row&#8211;equal-height&#8221; _builder_version=&#8221;3.25.1&#8243; global_colors_info=&#8221;{}&#8221;][et_pb_column type=&#8221;1_4&#8243; _builder_version=&#8221;3.25.1&#8243; global_colors_info=&#8221;{}&#8221;][et_pb_cta title=&#8221;Rapporti scientifici&#8221; button_url=&#8221;https:\/\/stressnostress.ch\/it\/lessico-dello-stress\/#lexikon-downloads&#8221; button_text=&#8221;Vai ai rapporti&#8221; module_class=&#8221;teaser&#8211;orange teaser&#8211;equal-height&#8221; _builder_version=&#8221;4.7.7&#8243; header_level=&#8221;h3&#8243; header_font=&#8221;Open Sans|800|||||||&#8221; header_font_size=&#8221;24px&#8221; header_line_height=&#8221;1.25em&#8221; body_font=&#8221;Open Sans|600|||||||&#8221; body_text_align=&#8221;left&#8221; body_font_size=&#8221;15px&#8221; body_line_height=&#8221;1.33em&#8221; background_color=&#8221;#F47E39&#8243; text_orientation=&#8221;left&#8221; custom_margin=&#8221;0px||&#8221; custom_padding=&#8221;30px|24px|30px|24px&#8221; link_option_url_new_window=&#8221;on&#8221; global_colors_info=&#8221;{}&#8221;]Archivio dei rapporti scientifici[\/et_pb_cta][\/et_pb_column][et_pb_column type=&#8221;1_4&#8243; _builder_version=&#8221;3.25.1&#8243; global_colors_info=&#8221;{}&#8221;][et_pb_cta title=&#8221;Storia di stressnostress&#8221; button_url=&#8221;\/wp-content\/uploads\/2020\/12\/Geschichte-stressnostress-IT.pdf&#8221; url_new_window=&#8221;on&#8221; button_text=&#8221;Scarica il PDF&#8221; disabled_on=&#8221;off|off|off&#8221; admin_label=&#8221;Handlungsaufruf&#8221; module_class=&#8221;teaser&#8211;blue teaser&#8211;equal-height&#8221; _builder_version=&#8221;4.7.7&#8243; header_level=&#8221;h3&#8243; header_font=&#8221;Open Sans|800|||||||&#8221; header_font_size=&#8221;24px&#8221; header_line_height=&#8221;1.25em&#8221; body_font=&#8221;Open Sans|600|||||||&#8221; body_text_align=&#8221;left&#8221; body_font_size=&#8221;15px&#8221; body_line_height=&#8221;1.33em&#8221; background_color=&#8221;#005BB7&#8243; text_orientation=&#8221;left&#8221; custom_margin=&#8221;0px||&#8221; custom_padding=&#8221;30px|24px|30px|24px&#8221; link_option_url_new_window=&#8221;on&#8221; global_colors_info=&#8221;{}&#8221;]<\/p>\n<p>Descrizione dell\u2019origine e dello sviluppo di stressnostress<\/p>\n<p>[\/et_pb_cta][\/et_pb_column][et_pb_column type=&#8221;1_4&#8243; _builder_version=&#8221;3.25.1&#8243; global_colors_info=&#8221;{}&#8221;][et_pb_cta title=&#8221;Diventare consulente&#8221; button_url=&#8221;\/wp-content\/uploads\/2021\/10\/sNs_Antragsformular-Beraterinnen-Berater_IT.pdf&#8221; button_text=&#8221;Scarica il PDF&#8221; disabled_on=&#8221;off|off|off&#8221; module_class=&#8221;teaser&#8211;gray teaser&#8211;equal-height&#8221; _builder_version=&#8221;4.9.11&#8243; header_level=&#8221;h3&#8243; header_font=&#8221;Open Sans|800|||||||&#8221; header_text_color=&#8221;#001C38&#8243; header_font_size=&#8221;24px&#8221; header_line_height=&#8221;1.25em&#8221; body_font=&#8221;Open Sans|600|||||||&#8221; body_text_align=&#8221;left&#8221; body_text_color=&#8221;#001C38&#8243; body_font_size=&#8221;15px&#8221; body_line_height=&#8221;1.33em&#8221; background_color=&#8221;rgba(0,41,82,0.03)&#8221; custom_button=&#8221;on&#8221; button_text_color=&#8221;#001c38&#8243; button_border_color=&#8221;#001c38&#8243; text_orientation=&#8221;left&#8221; custom_margin=&#8221;0px||&#8221; custom_padding=&#8221;30px|24px|30px|24px&#8221; link_option_url_new_window=&#8221;on&#8221; hover_enabled=&#8221;0&#8243; global_colors_info=&#8221;{}&#8221; url_new_window=&#8221;on&#8221; sticky_enabled=&#8221;0&#8243;]<\/p>\n<p>Vi preghiamo di inviarci il modulo compilato<\/p>\n<p>[\/et_pb_cta][\/et_pb_column][et_pb_column type=&#8221;1_4&#8243; _builder_version=&#8221;3.25.1&#8243; global_colors_info=&#8221;{}&#8221;][et_pb_cta title=&#8221;Statuto (DE)&#8221; button_url=&#8221;\/wp-content\/uploads\/2019\/10\/20180704_Statuten_DE.pdf&#8221; url_new_window=&#8221;on&#8221; button_text=&#8221;Scarica il PDF&#8221; disabled_on=&#8221;on|on|on&#8221; module_class=&#8221;teaser&#8211;orange teaser&#8211;equal-height&#8221; _builder_version=&#8221;3.29.3&#8243; header_level=&#8221;h3&#8243; header_font=&#8221;Open Sans|800|||||||&#8221; header_font_size=&#8221;24px&#8221; header_line_height=&#8221;1.25em&#8221; body_font=&#8221;Open Sans|600|||||||&#8221; body_text_align=&#8221;left&#8221; body_font_size=&#8221;15px&#8221; body_line_height=&#8221;1.33em&#8221; background_color=&#8221;#F47E39&#8243; text_orientation=&#8221;left&#8221; custom_margin=&#8221;0px||&#8221; custom_padding=&#8221;30px|24px|30px|24px&#8221; link_option_url_new_window=&#8221;on&#8221; disabled=&#8221;on&#8221; global_colors_info=&#8221;{}&#8221;]Lo statuto dell\u2019associazione stressnostress.ch[\/et_pb_cta][\/et_pb_column][\/et_pb_row][\/et_pb_section]<\/p>\n","protected":false},"excerpt":{"rendered":"<p>Il portale online stressnostress si propone di portare l\u2019attenzione di aziende e collaboratori sui rischi connessi con l\u2019aumento dello stress nella vita professionale e privata e fornire strumenti utili a ridurre lo stress. Stressnostress \u00e8 nata come associazione nel 2004 e il 1\u00b0 gennaio 2021 \u00e8 stata rilevata dalla Federazione Svizzera delle Psicologhe e degli [&hellip;]<\/p>\n","protected":false},"author":16,"featured_media":0,"parent":0,"menu_order":15,"comment_status":"closed","ping_status":"closed","template":"","meta":{"_et_pb_use_builder":"on","_et_pb_old_content":"","_et_gb_content_width":"","footnotes":""},"_links":{"self":[{"href":"https:\/\/old.stressnostress.ch\/it\/wp-json\/wp\/v2\/pages\/3230"}],"collection":[{"href":"https:\/\/old.stressnostress.ch\/it\/wp-json\/wp\/v2\/pages"}],"about":[{"href":"https:\/\/old.stressnostress.ch\/it\/wp-json\/wp\/v2\/types\/page"}],"author":[{"embeddable":true,"href":"https:\/\/old.stressnostress.ch\/it\/wp-json\/wp\/v2\/users\/16"}],"replies":[{"embeddable":true,"href":"https:\/\/old.stressnostress.ch\/it\/wp-json\/wp\/v2\/comments?post=3230"}],"version-history":[{"count":26,"href":"https:\/\/old.stressnostress.ch\/it\/wp-json\/wp\/v2\/pages\/3230\/revisions"}],"predecessor-version":[{"id":5273,"href":"https:\/\/old.stressnostress.ch\/it\/wp-json\/wp\/v2\/pages\/3230\/revisions\/5273"}],"wp:attachment":[{"href":"https:\/\/old.stressnostress.ch\/it\/wp-json\/wp\/v2\/media?parent=3230"}],"curies":[{"name":"wp","href":"https:\/\/api.w.org\/{rel}","templated":true}]}}